{"id":239,"date":"2019-02-04T09:32:33","date_gmt":"2019-02-04T09:32:33","guid":{"rendered":"http:\/\/localhost:8888\/skyla\/?post_type=product&#038;p=239"},"modified":"2025-06-11T21:29:03","modified_gmt":"2025-06-11T21:29:03","slug":"shea-body-butter-unscented","status":"publish","type":"product","link":"https:\/\/joavina.com\/fr\/produit\/shea-body-butter-unscented\/","title":{"rendered":"BEURRE DE KARIT\u00c9 NON PARFUM\u00c9 (250g)"},"content":{"rendered":"<p><span style=\"font-weight: 400;\">Ce produit de fabrication artisanale est le beurre brut non raffin\u00e9 \u00e0 100 % qui peut \u00eatre utilis\u00e9 aussi bien pour les cheveux que pour la peau. Il est de couleur ivoire et a une odeur de chocolat, de noix et de beurre. Le beurre artisanal est tr\u00e8s \u00e9pais et solide \u00e0 temp\u00e9rature ambiante, mais il fond entre 22\u00b0C et 24\u00b0C. Ce beurre luxueux, plein de vitamines et de min\u00e9raux, apporte \u00e0 votre peau beaucoup d'hydratation tout au long de la journ\u00e9e et laisse \u00e9galement votre peau plus fra\u00eeche et plus saine. <\/span><\/p>\n<p><span style=\"font-weight: 400;\">Le beurre de karit\u00e9 prot\u00e8ge et nourrit la peau et l'emp\u00eache de se dess\u00e9cher. \u00c0 long terme, il adoucit et renforce votre peau. Il apporte \u00e0 la peau des acides gras anti-\u00e2ge <\/span><span style=\"font-weight: 400;\">et un anti-inflammatoire essentiel. Gr\u00e2ce \u00e0 ses propri\u00e9t\u00e9s curatives, le beurre de karit\u00e9 aide \u00e0 diminuer les \u00e9ruptions de collag\u00e8ne, ce qui donne \u00e0 la peau une apparence plus lisse et r\u00e9duit le vieillissement. Des \u00e9tudes ont montr\u00e9 les bienfaits du beurre de karit\u00e9, en particulier son excellent pouvoir de p\u00e9n\u00e9tration dans la peau, qui le rend tr\u00e8s \u00e9mollient.\u00a0<\/span><\/p>\n<p><span style=\"font-weight: 400;\">L'huile de noix riche et luxueuse est la meilleure et la plus s\u00fbre pour tous les types de peau. Il n'existe pas de litt\u00e9rature confirmant des allergies ou des produits chimiques. Le beurre de karit\u00e9 aide \u00e0 soulager les morsures, les douleurs articulaires et les gonflements, il est bon pour les rougeurs et il calme la peau apr\u00e8s une irritation.\u00a0<\/span><\/p>\n<ul>\n<li style=\"font-weight: 400;\"><span style=\"font-weight: 400;\">Pas de produits chimiques\u00a0<\/span><\/li>\n<li style=\"font-weight: 400;\"><span style=\"font-weight: 400;\">V\u00e9g\u00e9talien\u00a0<\/span><\/li>\n<li style=\"font-weight: 400;\"><span style=\"font-weight: 400;\">Brut\/non raffin\u00e9<\/span><\/li>\n<li style=\"font-weight: 400;\"><span style=\"font-weight: 400;\">non blanchi<\/span><\/li>\n<li style=\"font-weight: 400;\"><span style=\"font-weight: 400;\">Grade A<\/span><\/li>\n<li style=\"font-weight: 400;\"><span style=\"font-weight: 400;\">No Parabens!\u00a0<\/span><\/li>\n<li style=\"font-weight: 400;\"><span style=\"font-weight: 400;\">Pas de parfum (non parfum\u00e9)<\/span><\/li>\n<li style=\"font-weight: 400;\">Sans silicone<\/li>\n<li style=\"font-weight: 400;\"><span style=\"font-weight: 400;\">100 % biologique<\/span><\/li>\n<\/ul>\n<h3><span style=\"font-weight: 400;\"><strong>Mode d'emploi:<\/strong> <\/span><\/h3>\n<p><span style=\"font-weight: 400;\">Utilisez doucement votre doigt ou une cuill\u00e8re \u00e0 caf\u00e9 pour pr\u00e9lever votre beurre de karit\u00e9, puis frottez le sur votre peau jusqu'\u00e0 ce qu'il soit compl\u00e8tement absorb\u00e9. Notre produit de soin intensif peut \u00e9galement \u00eatre utilis\u00e9 pour les massages. L'emballage rechargeable est sp\u00e9cialement con\u00e7u pour remplir votre pot de bambou usag\u00e9 ou pour le m\u00e9langer avec votre huile pr\u00e9f\u00e9r\u00e9e.\u00a0<\/span><\/p>\n<p>&nbsp;<\/p>\n<h3><strong>Attention :\u00a0 <\/strong><\/h3>\n<p><span style=\"font-weight: 400;\">The beurre brut non raffin\u00e9 n'a pas \u00e9t\u00e9 filtr\u00e9 et peut donc contenir des particules de d\u00e9chets de noix de karit\u00e9. Les personnes allergiques aux noix devraient consulter leur dermatologue ou un allergologue pour plus d'informations. Toutefois, aucune r\u00e9action n'a \u00e9t\u00e9 enregistr\u00e9e. Il est tr\u00e8s rare de contracter une allergie, le risque est donc tr\u00e8s faible, mais il faut n\u00e9anmoins s'assurer de l'\u00e9viter et de le v\u00e9rifier avant de l'utiliser.\u00a0<\/span><\/p>\n<p>&nbsp;<\/p>\n<h3><strong>Stockage : <\/strong><\/h3>\n<p><span style=\"font-weight: 400;\">Le beurre de karit\u00e9 doit \u00eatre conserv\u00e9 \u00e0 une temp\u00e9rature l\u00e9g\u00e8rement inf\u00e9rieure \u00e0 la temp\u00e9rature ambiante afin qu'il reste solide et facile \u00e0 \u00e9taler. Il fond au-dessus de 22 \u00b0C.\u00a0\u00a0<\/span><\/p>","protected":false},"excerpt":{"rendered":"<p><span style=\"font-weight: 400;\">Ce produit artisanal est le beurre 100% brut non raffin\u00e9 qui peut \u00eatre utilis\u00e9 aussi bien pour les cheveux que pour la peau. Il est de couleur ivoire et sent le chocolat, les noix et le beurre. Ce beurre de luxe regorge de vitamines et de min\u00e9raux. Il laisse votre peau plus fra\u00eeche, plus saine et l'emp\u00eache de s\u00e9cher. \u00c0 long terme, il adoucit et renforce votre peau pour qu'elle soit plus belle. Ce produit est rechargeable.<\/span><\/p>","protected":false},"featured_media":1598,"comment_status":"open","ping_status":"closed","template":"","meta":[],"product_brand":[],"product_cat":[57,58],"product_tag":[39,49,53],"class_list":{"0":"post-239","1":"product","2":"type-product","3":"status-publish","4":"has-post-thumbnail","6":"product_cat-body","7":"product_cat-face","8":"product_tag-bath-body","9":"product_tag-new","10":"product_tag-skincare","11":"product_shipping_class-dhl","12":"wpisset-post","13":"wpisset-post-featured","14":"wpisset-woo-has-gallery","16":"first","17":"instock","18":"taxable","19":"shipping-taxable","20":"purchasable","21":"product-type-simple"},"jetpack_sharing_enabled":true,"_links":{"self":[{"href":"https:\/\/joavina.com\/fr\/wp-json\/wp\/v2\/product\/239","targetHints":{"allow":["GET"]}}],"collection":[{"href":"https:\/\/joavina.com\/fr\/wp-json\/wp\/v2\/product"}],"about":[{"href":"https:\/\/joavina.com\/fr\/wp-json\/wp\/v2\/types\/product"}],"replies":[{"embeddable":true,"href":"https:\/\/joavina.com\/fr\/wp-json\/wp\/v2\/comments?post=239"}],"wp:featuredmedia":[{"embeddable":true,"href":"https:\/\/joavina.com\/fr\/wp-json\/wp\/v2\/media\/1598"}],"wp:attachment":[{"href":"https:\/\/joavina.com\/fr\/wp-json\/wp\/v2\/media?parent=239"}],"wp:term":[{"taxonomy":"product_brand","embeddable":true,"href":"https:\/\/joavina.com\/fr\/wp-json\/wp\/v2\/product_brand?post=239"},{"taxonomy":"product_cat","embeddable":true,"href":"https:\/\/joavina.com\/fr\/wp-json\/wp\/v2\/product_cat?post=239"},{"taxonomy":"product_tag","embeddable":true,"href":"https:\/\/joavina.com\/fr\/wp-json\/wp\/v2\/product_tag?post=239"}],"curies":[{"name":"wp","href":"https:\/\/api.w.org\/{rel}","templated":true}]}}