{"id":2013,"date":"2024-10-01T19:12:16","date_gmt":"2024-10-01T19:12:16","guid":{"rendered":"https:\/\/joavina.com\/?post_type=product&#038;p=2013"},"modified":"2025-02-28T17:24:08","modified_gmt":"2025-02-28T17:24:08","slug":"shea-butter-vanille-30ml","status":"publish","type":"product","link":"https:\/\/joavina.com\/fr\/produit\/shea-butter-vanille-30ml\/","title":{"rendered":"Shea Butter Vanille (30ml)"},"content":{"rendered":"<p><span style=\"color: #000000;\">Beurre de karit\u00e9 - Vanille<\/span><\/p>\n<p><span style=\"color: #000000;\">Cr\u00e8me de jour et de nuit\n\nCette cr\u00e8me naturelle de haute qualit\u00e9 a des propri\u00e9t\u00e9s anti-inflammatoires.\n\nCette cr\u00e8me naturelle de haute qualit\u00e9 poss\u00e8de des propri\u00e9t\u00e9s anti-inflammatoires, aide \u00e0 r\u00e9duire l'anxi\u00e9t\u00e9, les infections cutan\u00e9es et la cicatrisation des plaies.\u00a0<\/span><\/p>\n<p><span style=\"color: #000000;\"><strong>Application :<\/strong> Matin et soir sur tout le corps. <\/span><\/p>\n<p><span style=\"color: #000000;\"><strong>Ingr\u00e9dients :<\/strong> Butyrospermum Parkii, Pure Madagascar Vanilla Bean Extract and Aqua.\u00a0<\/span><\/p>","protected":false},"excerpt":{"rendered":"<p><span style=\"color: #000000;\">Cr\u00e8me de jour et de nuit\n\nCette cr\u00e8me naturelle de haute qualit\u00e9 a des propri\u00e9t\u00e9s anti-inflammatoires.\n\nCette cr\u00e8me naturelle de haute qualit\u00e9 poss\u00e8de des propri\u00e9t\u00e9s anti-inflammatoires, aide \u00e0 r\u00e9duire l'anxi\u00e9t\u00e9, les infections cutan\u00e9es et la cicatrisation des plaies.\u00a0<\/span><\/p>","protected":false},"featured_media":2010,"comment_status":"open","ping_status":"closed","template":"","meta":[],"product_brand":[],"product_cat":[57,58],"product_tag":[39,49,53],"class_list":{"0":"post-2013","1":"product","2":"type-product","3":"status-publish","4":"has-post-thumbnail","6":"product_cat-body","7":"product_cat-face","8":"product_tag-bath-body","9":"product_tag-new","10":"product_tag-skincare","11":"product_shipping_class-dhl","12":"wpisset-post","13":"wpisset-post-featured","14":"wpisset-woo-has-gallery","16":"first","17":"instock","18":"taxable","19":"shipping-taxable","20":"purchasable","21":"product-type-simple"},"jetpack_sharing_enabled":true,"_links":{"self":[{"href":"https:\/\/joavina.com\/fr\/wp-json\/wp\/v2\/product\/2013","targetHints":{"allow":["GET"]}}],"collection":[{"href":"https:\/\/joavina.com\/fr\/wp-json\/wp\/v2\/product"}],"about":[{"href":"https:\/\/joavina.com\/fr\/wp-json\/wp\/v2\/types\/product"}],"replies":[{"embeddable":true,"href":"https:\/\/joavina.com\/fr\/wp-json\/wp\/v2\/comments?post=2013"}],"wp:featuredmedia":[{"embeddable":true,"href":"https:\/\/joavina.com\/fr\/wp-json\/wp\/v2\/media\/2010"}],"wp:attachment":[{"href":"https:\/\/joavina.com\/fr\/wp-json\/wp\/v2\/media?parent=2013"}],"wp:term":[{"taxonomy":"product_brand","embeddable":true,"href":"https:\/\/joavina.com\/fr\/wp-json\/wp\/v2\/product_brand?post=2013"},{"taxonomy":"product_cat","embeddable":true,"href":"https:\/\/joavina.com\/fr\/wp-json\/wp\/v2\/product_cat?post=2013"},{"taxonomy":"product_tag","embeddable":true,"href":"https:\/\/joavina.com\/fr\/wp-json\/wp\/v2\/product_tag?post=2013"}],"curies":[{"name":"wp","href":"https:\/\/api.w.org\/{rel}","templated":true}]}}