{"id":1603,"date":"2023-04-08T03:18:40","date_gmt":"2023-04-08T03:18:40","guid":{"rendered":"https:\/\/joavina.com\/?post_type=product&#038;p=1603"},"modified":"2026-04-11T00:28:27","modified_gmt":"2026-04-11T00:28:27","slug":"pure-african-black-soap-100g","status":"publish","type":"product","link":"https:\/\/joavina.com\/fr\/produit\/pure-african-black-soap-100g\/","title":{"rendered":"Pure African Black Soap (100g)"},"content":{"rendered":"<p><span style=\"font-weight: 400;\">Le savon noir africain pur est un ingr\u00e9dient \u00e0 base de plantes fabriqu\u00e9 \u00e0 la main en Afrique. Le savon noir africain est l'une des meilleures solutions pour l'hyperpigmentation, les \u00e9ruptions, les vergetures, etc. <\/span><\/p>\n<p><span style=\"font-weight: 400;\">Il est sans danger pour tous les types de peau et donne \u00e0 votre peau une beaut\u00e9 ultime, une peau sans d\u00e9faut. Le savon noir africain pur est antibact\u00e9rien et \u00e9limine les bact\u00e9ries, combat l'acn\u00e9, \u00e9claircit les \u00e9ruptions, aide \u00e0 \u00e9liminer les imperfections et les points noirs de la peau. <\/span><\/p>\n<p><span style=\"font-weight: 400;\">Il aide \u00e9galement \u00e0 pr\u00e9venir le feu du rasoir. Il est riche en vitamines A et E, sans parfum, c'est-\u00e0-dire qu'il est non parfum\u00e9 et apaise les d\u00e9mangeaisons et les irritations.<\/span><\/p>\n<h3><strong>Ingr\u00e9dients : <\/strong><\/h3>\n<p><span style=\"font-weight: 400;\">Cosses de cacao, huile de noix de coco, d\u00e9riv\u00e9s de feuilles de palmier, huile de palmiste, \u00e9corce de plantain et beurre de karit\u00e9.<\/span><\/p>\n<h3><strong>Application : <\/strong><\/h3>\n<p><span style=\"font-weight: 400;\">Il suffit de retirer un petit morceau de savon du pain et de le frotter entre vos mains, puis de l'appliquer sur votre visage et votre corps. Rincez le savon \u00e0 l'eau ti\u00e8de.<\/span><\/p>\n<h3><span style=\"font-weight: 400;\"><strong>Attention :<\/strong> <\/span><\/h3>\n<p><span style=\"font-weight: 400;\">Le produit n'est pas trait\u00e9 et a donc une texture rugueuse, il faut donc faire attention \u00e0 l'application. Veillez \u00e0 fermer les yeux avant de l'appliquer et \u00e0 le rincer, car il peut vous br\u00fbler les yeux.<\/span><\/p>","protected":false},"excerpt":{"rendered":"<p><span style=\"font-weight: 400;\">Le savon noir africain pur est un ingr\u00e9dient \u00e0 base de plantes fabriqu\u00e9 \u00e0 la main en Afrique. Le savon noir africain est l'une des meilleures solutions pour l'hyperpigmentation, les \u00e9ruptions, les vergetures, etc.<\/span><\/p>","protected":false},"featured_media":1570,"comment_status":"open","ping_status":"closed","template":"","meta":[],"product_brand":[],"product_cat":[58],"product_tag":[39,49,53],"class_list":{"0":"post-1603","1":"product","2":"type-product","3":"status-publish","4":"has-post-thumbnail","6":"product_cat-face","7":"product_tag-bath-body","8":"product_tag-new","9":"product_tag-skincare","10":"product_shipping_class-dhl","11":"wpisset-post","12":"wpisset-post-featured","14":"first","15":"instock","16":"taxable","17":"shipping-taxable","18":"purchasable","19":"product-type-simple"},"jetpack_sharing_enabled":true,"_links":{"self":[{"href":"https:\/\/joavina.com\/fr\/wp-json\/wp\/v2\/product\/1603","targetHints":{"allow":["GET"]}}],"collection":[{"href":"https:\/\/joavina.com\/fr\/wp-json\/wp\/v2\/product"}],"about":[{"href":"https:\/\/joavina.com\/fr\/wp-json\/wp\/v2\/types\/product"}],"replies":[{"embeddable":true,"href":"https:\/\/joavina.com\/fr\/wp-json\/wp\/v2\/comments?post=1603"}],"wp:featuredmedia":[{"embeddable":true,"href":"https:\/\/joavina.com\/fr\/wp-json\/wp\/v2\/media\/1570"}],"wp:attachment":[{"href":"https:\/\/joavina.com\/fr\/wp-json\/wp\/v2\/media?parent=1603"}],"wp:term":[{"taxonomy":"product_brand","embeddable":true,"href":"https:\/\/joavina.com\/fr\/wp-json\/wp\/v2\/product_brand?post=1603"},{"taxonomy":"product_cat","embeddable":true,"href":"https:\/\/joavina.com\/fr\/wp-json\/wp\/v2\/product_cat?post=1603"},{"taxonomy":"product_tag","embeddable":true,"href":"https:\/\/joavina.com\/fr\/wp-json\/wp\/v2\/product_tag?post=1603"}],"curies":[{"name":"wp","href":"https:\/\/api.w.org\/{rel}","templated":true}]}}