{"id":1198,"date":"2021-02-02T08:21:29","date_gmt":"2021-02-02T08:21:29","guid":{"rendered":"https:\/\/joavina.com\/?post_type=product&#038;p=1198"},"modified":"2026-03-24T21:55:08","modified_gmt":"2026-03-24T21:55:08","slug":"shea-lip-balm-refill","status":"publish","type":"product","link":"https:\/\/joavina.com\/fr\/produit\/shea-lip-balm-refill\/","title":{"rendered":"Shea Lip Balm + Refill"},"content":{"rendered":"<p>Le baume pour les l\u00e8vres au karit\u00e9 est un beurre de karit\u00e9 brut 100% biologique fait pour vos l\u00e8vres, vos mains et vos pieds. L'emballage est tr\u00e8s mignon pour l'avoir avec vous tout le temps. Il est rapide \u00e0 appliquer et se glisse dans n'importe quelle poche, y compris les sacs \u00e0 main pour femmes. Ce baume est \u00e9galement de couleur ivoire, solide et sent le chocolat et le beurre de noix. Il rend la peau tr\u00e8s lisse et lui donne l'\u00e9clat que vous voulez tout en \u00e9tant \u00e0 l'ext\u00e9rieur<\/p>\n<p>Eviter de le tenir au soleil. Le baume \u00e0 l\u00e8vres au karit\u00e9 peut \u00e9galement \u00eatre appliqu\u00e9 sur les mains, les pieds et toutes les zones s\u00e8ches. Il rend la peau tr\u00e8s lisse et lui donne l'\u00e9clat que vous souhaitez en \u00e9tant \u00e0 l'ext\u00e9rieur.<\/p>\n<p>Ce beurre riche en min\u00e9raux et vitamines prot\u00e8ge du soleil. Ainsi, chaque fois que vous \u00eates \u00e0 l'ext\u00e9rieur, il est efficace de l'utiliser comme \u00e9cran solaire. Cet article est essentiellement le m\u00eame que le beurre corporel de karit\u00e9 en petit.<\/p>\n<ul>\n<li aria-level=\"1\">Pas de produits chimiques<\/li>\n<li aria-level=\"1\">V\u00e9g\u00e9talien<\/li>\n<li aria-level=\"1\">Brut\/non raffin\u00e9<\/li>\n<li aria-level=\"1\">non blanchi<\/li>\n<li aria-level=\"1\">Grade A<\/li>\n<li aria-level=\"1\">No Parabens!<\/li>\n<li aria-level=\"1\">Pas de parfum (non parfum\u00e9)<\/li>\n<li aria-level=\"1\">Sans silicone<\/li>\n<li aria-level=\"1\">100 % biologique<\/li>\n<\/ul>\n<h3>Application :<\/h3>\n<p>Veuillez utiliser votre doigt pour retirer le pot et l'appliquer directement sur vos l\u00e8vres, vos mains ou sur toute zone de peau s\u00e8che.<\/p>\n<h3>Attention :<\/h3>\n<p>Le beurre de karit\u00e9 doit \u00eatre conserv\u00e9 un peu en dessous de la temp\u00e9rature ambiante afin qu'il reste solide et facile \u00e0 \u00e9taler. Evitez de le placer trop longtemps au soleil. Il fond au-dessus de 22\u00b0C.<\/p>\n<p>De plus, les personnes allergiques aux noix devraient consulter leur dermatologue ou un allergologue pour plus d'informations. \nToutefois, aucune mauvaise r\u00e9action n'a \u00e9t\u00e9 enregistr\u00e9e.<\/p>","protected":false},"excerpt":{"rendered":"<p>Le baume pour les l\u00e8vres au karit\u00e9 est un beurre de karit\u00e9 brut 100% biologique fait pour vos l\u00e8vres, vos mains et vos pieds. L'emballage est tr\u00e8s mignon pour l'avoir avec vous tout le temps. Il est rapide \u00e0 appliquer et se glisse dans n'importe quelle poche, y compris les sacs \u00e0 main pour femmes. Ce baume est \u00e9galement de couleur ivoire, solide et sent le chocolat et le beurre de noix. Il rend la peau tr\u00e8s lisse et lui donne l'\u00e9clat que vous voulez tout en \u00e9tant \u00e0 l'ext\u00e9rieur<\/p>","protected":false},"featured_media":1199,"comment_status":"open","ping_status":"closed","template":"","meta":[],"product_brand":[],"product_cat":[59],"product_tag":[],"class_list":{"0":"post-1198","1":"product","2":"type-product","3":"status-publish","4":"has-post-thumbnail","6":"product_cat-lips","7":"product_shipping_class-dhl","8":"wpisset-post","9":"wpisset-post-featured","11":"first","12":"instock","13":"taxable","14":"shipping-taxable","15":"purchasable","16":"product-type-simple"},"jetpack_sharing_enabled":true,"_links":{"self":[{"href":"https:\/\/joavina.com\/fr\/wp-json\/wp\/v2\/product\/1198","targetHints":{"allow":["GET"]}}],"collection":[{"href":"https:\/\/joavina.com\/fr\/wp-json\/wp\/v2\/product"}],"about":[{"href":"https:\/\/joavina.com\/fr\/wp-json\/wp\/v2\/types\/product"}],"replies":[{"embeddable":true,"href":"https:\/\/joavina.com\/fr\/wp-json\/wp\/v2\/comments?post=1198"}],"wp:featuredmedia":[{"embeddable":true,"href":"https:\/\/joavina.com\/fr\/wp-json\/wp\/v2\/media\/1199"}],"wp:attachment":[{"href":"https:\/\/joavina.com\/fr\/wp-json\/wp\/v2\/media?parent=1198"}],"wp:term":[{"taxonomy":"product_brand","embeddable":true,"href":"https:\/\/joavina.com\/fr\/wp-json\/wp\/v2\/product_brand?post=1198"},{"taxonomy":"product_cat","embeddable":true,"href":"https:\/\/joavina.com\/fr\/wp-json\/wp\/v2\/product_cat?post=1198"},{"taxonomy":"product_tag","embeddable":true,"href":"https:\/\/joavina.com\/fr\/wp-json\/wp\/v2\/product_tag?post=1198"}],"curies":[{"name":"wp","href":"https:\/\/api.w.org\/{rel}","templated":true}]}}