{"id":1194,"date":"2021-02-02T08:04:10","date_gmt":"2021-02-02T08:04:10","guid":{"rendered":"https:\/\/joavina.com\/?post_type=product&#038;p=1194"},"modified":"2026-04-11T00:29:35","modified_gmt":"2026-04-11T00:29:35","slug":"unrefined-shea-butter-refills","status":"publish","type":"product","link":"https:\/\/joavina.com\/fr\/produit\/unrefined-shea-butter-refills\/","title":{"rendered":"Unrefined Shea Butter Refills"},"content":{"rendered":"<p><span style=\"color: #000000;\">Ce produit de fabrication artisanale est le beurre brut non raffin\u00e9 \u00e0 100 % qui peut \u00eatre utilis\u00e9 aussi bien pour les cheveux, les mains, les l\u00e8vres, que pour la peau.  Il est de couleur ivoire et a une odeur de chocolat, de noix et de beurre.  Ce beurre luxueux regorge de vitamines et de min\u00e9raux.  Le beurre de karit\u00e9 et le baume pour les l\u00e8vres de karit\u00e9 aident vos l\u00e8vres, vos pieds, vos mains, vos cheveux et votre corps \u00e0 \u00eatre plus rafra\u00eechis, plus sains et \u00e0 les emp\u00eacher de s\u00e9cher. A long terme, le beurre de karit\u00e9 adoucit et renforce votre peau pour qu\u2019elle soit plus belle.  L\u2019emballage rechargeable est sp\u00e9cialement con\u00e7u pour ravitailler votre bocal en bambou us\u00e9 ou pour le m\u00e9langer avec votre huile pr\u00e9f\u00e9rable.<\/span><\/p>\n<p><span style=\"color: #000000;\">Le beurre artisanal est tr\u00e8s \u00e9pais et solide \u00e0 temp\u00e9rature ambiante, mais il fond entre 22\u00b0C et 24\u00b0C. Ce beurre luxueux, plein de vitamines et de min\u00e9raux, apporte \u00e0 votre peau beaucoup d'hydratation tout au long de la journ\u00e9e et laisse \u00e9galement votre peau plus fra\u00eeche et plus saine.<\/span><\/p>\n<p><span style=\"color: #000000;\">Le beurre de karit\u00e9 prot\u00e8ge et nourrit la peau et l'emp\u00eache de se dess\u00e9cher. \u00c0 long terme, il adoucit et renforce votre peau. Il apporte \u00e0 la peau des acides gras anti-\u00e2ge et un anti-inflammatoire essentiel. Gr\u00e2ce \u00e0 ses propri\u00e9t\u00e9s curatives, le beurre de karit\u00e9 aide \u00e0 diminuer les \u00e9ruptions de collag\u00e8ne, ce qui donne \u00e0 la peau une apparence plus lisse et r\u00e9duit le vieillissement. Des \u00e9tudes ont montr\u00e9 les bienfaits du beurre de karit\u00e9, en particulier son excellent pouvoir de p\u00e9n\u00e9tration dans la peau, qui le rend tr\u00e8s \u00e9mollient.\u00a0<\/span><\/p>\n<p><span style=\"color: #000000;\">L'huile de noix riche et luxueuse est la meilleure et la plus s\u00fbre pour tous les types de peau. Il n'existe pas de litt\u00e9rature confirmant des allergies ou des produits chimiques. Le beurre de karit\u00e9 aide \u00e0 soulager les morsures, les douleurs articulaires et les gonflements, il est bon pour les rougeurs et il calme la peau apr\u00e8s une irritation.\u00a0<\/span><\/p>\n<ul>\n<li aria-level=\"1\"><span style=\"color: #000000;\">Pas de produits chimiques\u00a0<\/span><\/li>\n<li aria-level=\"1\"><span style=\"color: #000000;\">V\u00e9g\u00e9talien\u00a0<\/span><\/li>\n<li aria-level=\"1\"><span style=\"color: #000000;\">Brut\/non raffin\u00e9<\/span><\/li>\n<li aria-level=\"1\"><span style=\"color: #000000;\">non blanchi<\/span><\/li>\n<li aria-level=\"1\"><span style=\"color: #000000;\">Grade A<\/span><\/li>\n<li aria-level=\"1\"><span style=\"color: #000000;\">No Parabens!\u00a0<\/span><\/li>\n<li aria-level=\"1\"><span style=\"color: #000000;\">Pas de parfum (non parfum\u00e9)<\/span><\/li>\n<li aria-level=\"1\"><span style=\"color: #000000;\">Sans silicone<\/span><\/li>\n<li aria-level=\"1\"><span style=\"color: #000000;\">100 % biologique<\/span><\/li>\n<\/ul>\n<h3><span style=\"color: #000000;\">Mode d'emploi:<\/span><\/h3>\n<p><span style=\"color: #000000;\">Utilisez doucement votre doigt ou une cuill\u00e8re \u00e0 caf\u00e9 pour pr\u00e9lever votre beurre de karit\u00e9, puis frottez le sur votre peau jusqu'\u00e0 ce qu'il soit compl\u00e8tement absorb\u00e9. Notre produit de soin intensif peut \u00e9galement \u00eatre utilis\u00e9 pour les massages. L'emballage rechargeable est sp\u00e9cialement con\u00e7u pour remplir votre pot de bambou usag\u00e9 ou pour le m\u00e9langer avec votre huile pr\u00e9f\u00e9r\u00e9e.\u00a0<\/span><\/p>\n<h3><span style=\"color: #000000;\">Attention :\u00a0<\/span><\/h3>\n<p><span style=\"color: #000000;\">Ce beurre brut non raffin\u00e9 n'a pas \u00e9t\u00e9 filtr\u00e9 et peut donc contenir des particules de d\u00e9chets de noix de karit\u00e9. Les personnes allergiques aux noix devraient consulter leur dermatologue ou un allergologue pour plus d'informations. Toutefois, aucune r\u00e9action n'a \u00e9t\u00e9 enregistr\u00e9e. Il est tr\u00e8s rare de contracter une allergie, le risque est donc tr\u00e8s faible, mais il faut n\u00e9anmoins s'assurer de l'\u00e9viter et de le v\u00e9rifier avant de l'utiliser.\u00a0<\/span><\/p>\n<h3><span style=\"color: #000000;\">Stockage :<\/span><\/h3>\n<p><span style=\"color: #000000;\">Le beurre de karit\u00e9 doit \u00eatre conserv\u00e9 \u00e0 une temp\u00e9rature l\u00e9g\u00e8rement inf\u00e9rieure \u00e0 la temp\u00e9rature ambiante afin qu'il reste solide et facile \u00e0 \u00e9taler. Il fond au-dessus de 22 \u00b0C.\u00a0\u00a0<\/span><\/p>","protected":false},"excerpt":{"rendered":"<p><span style=\"color: #000000;\">This handcraft product is the 100% raw unrefined butter that can be used for hair, hands, lips and the skin. It\u2019s Ivory in colour and smells like chocolate, nuts and butter. This luxurious butter is full of vitamins and minerals. The Shea Body Butter and the Shea Lip Balm helps your lips, feet, hands, hair and body looking more refreshed, healthier and prevents it from drying.<\/span><\/p>","protected":false},"featured_media":1195,"comment_status":"open","ping_status":"closed","template":"","meta":[],"product_brand":[],"product_cat":[57,59],"product_tag":[],"class_list":{"0":"post-1194","1":"product","2":"type-product","3":"status-publish","4":"has-post-thumbnail","6":"product_cat-body","7":"product_cat-lips","8":"product_shipping_class-dhl","9":"wpisset-post","10":"wpisset-post-featured","12":"first","13":"instock","14":"taxable","15":"shipping-taxable","16":"purchasable","17":"product-type-simple"},"jetpack_sharing_enabled":true,"_links":{"self":[{"href":"https:\/\/joavina.com\/fr\/wp-json\/wp\/v2\/product\/1194","targetHints":{"allow":["GET"]}}],"collection":[{"href":"https:\/\/joavina.com\/fr\/wp-json\/wp\/v2\/product"}],"about":[{"href":"https:\/\/joavina.com\/fr\/wp-json\/wp\/v2\/types\/product"}],"replies":[{"embeddable":true,"href":"https:\/\/joavina.com\/fr\/wp-json\/wp\/v2\/comments?post=1194"}],"wp:featuredmedia":[{"embeddable":true,"href":"https:\/\/joavina.com\/fr\/wp-json\/wp\/v2\/media\/1195"}],"wp:attachment":[{"href":"https:\/\/joavina.com\/fr\/wp-json\/wp\/v2\/media?parent=1194"}],"wp:term":[{"taxonomy":"product_brand","embeddable":true,"href":"https:\/\/joavina.com\/fr\/wp-json\/wp\/v2\/product_brand?post=1194"},{"taxonomy":"product_cat","embeddable":true,"href":"https:\/\/joavina.com\/fr\/wp-json\/wp\/v2\/product_cat?post=1194"},{"taxonomy":"product_tag","embeddable":true,"href":"https:\/\/joavina.com\/fr\/wp-json\/wp\/v2\/product_tag?post=1194"}],"curies":[{"name":"wp","href":"https:\/\/api.w.org\/{rel}","templated":true}]}}