{"id":1029,"date":"2020-11-27T07:36:58","date_gmt":"2020-11-27T07:36:58","guid":{"rendered":"https:\/\/joavina.com\/?post_type=product&#038;p=1029"},"modified":"2025-05-29T02:49:59","modified_gmt":"2025-05-29T02:49:59","slug":"shea-lip-balm-refillable-package","status":"publish","type":"product","link":"https:\/\/joavina.com\/fr\/produit\/shea-lip-balm-refillable-package\/","title":{"rendered":"BAUME DE L\u00c8VRE AU KARIT\u00c9 - Refillable Package (10g)"},"content":{"rendered":"<p><span style=\"font-weight: 400;\">Le baume \u00e0 l\u00e8vres au karit\u00e9 est un beurre de karit\u00e9 brut 100% biologique, con\u00e7u pour vos l\u00e8vres, vos mains, vos pieds et bien s\u00fbr toutes les autres zones s\u00e8ches. Ce baume est \u00e9galement de couleur ivoire, solide et sent les noix, le chocolat et le beurre. Il rend la peau tr\u00e8s lisse et lui donne l'\u00e9clat que vous souhaitez en \u00e9tant \u00e0 l'ext\u00e9rieur.  L'emballage rechargeable est sp\u00e9cialement con\u00e7u pour r\u00e9approvisionner votre pot de bambou usag\u00e9.<\/span><\/p>\n<p><span style=\"font-weight: 400;\">Le baume \u00e0 l\u00e8vres au karit\u00e9 est un beurre de karit\u00e9 brut 100% biologique, fait pour vos l\u00e8vres, vos mains et vos pieds. L'emballage est tr\u00e8s mignon afin de l'avoir toujours avec vous. Il s'applique rapidement et se glisse dans toutes les poches, y compris les sacs \u00e0 main pour femmes.<\/span><\/p>\n<p><span style=\"font-weight: 400;\">Ce baume est \u00e9galement de couleur ivoire, solide et sent les noix, le chocolat et le beurre. Le beurre solide et \u00e9pais est \u00e0 conserver ou \u00e0 stocker dans un endroit frais.<\/span><\/p>\n<p><span style=\"font-weight: 400;\">Eviter de le tenir au soleil. Le baume \u00e0 l\u00e8vres au karit\u00e9 peut \u00e9galement \u00eatre appliqu\u00e9 sur les mains, les pieds et toutes les zones s\u00e8ches. Il rend la peau tr\u00e8s lisse et lui donne l'\u00e9clat que vous souhaitez en \u00e9tant \u00e0 l'ext\u00e9rieur.<\/span><\/p>\n<p><span style=\"font-weight: 400;\">Ce beurre riche en min\u00e9raux et en vitamines prot\u00e8ge du soleil. Ainsi, lorsque vous \u00eates \u00e0 l'ext\u00e9rieur, il est efficace de l'utiliser comme \u00e9cran solaire. Ce produit est en gros le m\u00eame que le beurre corporel de karit\u00e9 en petit format.<\/span><\/p>\n<ul>\n<li style=\"font-weight: 400;\"><span style=\"font-weight: 400;\">Pas de produits chimiques<\/span><\/li>\n<li style=\"font-weight: 400;\"><span style=\"font-weight: 400;\">V\u00e9g\u00e9talien\u00a0<\/span><\/li>\n<li style=\"font-weight: 400;\"><span style=\"font-weight: 400;\">Brut\/non raffin\u00e9<\/span><\/li>\n<li style=\"font-weight: 400;\"><span style=\"font-weight: 400;\">non blanchi<\/span><\/li>\n<li style=\"font-weight: 400;\"><span style=\"font-weight: 400;\">Grade A<\/span><\/li>\n<li style=\"font-weight: 400;\"><span style=\"font-weight: 400;\">Pas de parabens<\/span><\/li>\n<li style=\"font-weight: 400;\"><span style=\"font-weight: 400;\">Pas de parfum (non parfum\u00e9)<\/span><\/li>\n<li style=\"font-weight: 400;\"><span style=\"font-weight: 400;\">Sans silicone<\/span><\/li>\n<li style=\"font-weight: 400;\"><span style=\"font-weight: 400;\">100 % biologique<\/span><\/li>\n<\/ul>\n<p><span style=\"font-weight: 400;\">Application :<\/span><\/p>\n<p><span style=\"font-weight: 400;\">Veuillez utiliser votre doigt pour pr\u00e9lever le contenu du pot et l'appliquer directement sur vos l\u00e8vres, vos mains ou sur toute zone de peau s\u00e8che. L'emballage rechargeable est sp\u00e9cialement con\u00e7u pour remplir le bocal de bambou utilis\u00e9 ou pour le m\u00e9langer \u00e0 votre huile pr\u00e9f\u00e9r\u00e9e.<\/span><\/p>\n<p><span style=\"font-weight: 400;\">Attention :<\/span><\/p>\n<p><span style=\"font-weight: 400;\">Le beurre de karit\u00e9 doit \u00eatre conserv\u00e9 un peu en dessous de la temp\u00e9rature ambiante afin qu'il reste solide et facile \u00e0 \u00e9taler. Evitez de le placer trop longtemps au soleil. Il fond au-dessus de 22\u00b0C.<\/span><\/p>\n<p><span style=\"font-weight: 400;\">De plus, les personnes allergiques aux noix devraient consulter leur dermatologue ou un allergologue pour plus d'informations. \nToutefois, aucune mauvaise r\u00e9action n'a \u00e9t\u00e9 enregistr\u00e9e.<\/span><\/p>","protected":false},"excerpt":{"rendered":"<p><span style=\"font-weight: 400;\">Le baume \u00e0 l\u00e8vres au karit\u00e9 est un beurre de karit\u00e9 brut 100% biologique, con\u00e7u pour vos l\u00e8vres, vos mains, vos pieds et bien s\u00fbr toutes les autres zones s\u00e8ches. Ce baume est \u00e9galement de couleur ivoire, solide et sent les noix, le chocolat et le beurre. Il rend la peau tr\u00e8s lisse et lui donne l'\u00e9clat que vous souhaitez en \u00e9tant \u00e0 l'ext\u00e9rieur.  L'emballage rechargeable est sp\u00e9cialement con\u00e7u pour r\u00e9approvisionner votre pot de bambou usag\u00e9.<\/span><\/p>","protected":false},"featured_media":1030,"comment_status":"open","ping_status":"closed","template":"","meta":[],"product_brand":[],"product_cat":[59],"product_tag":[],"class_list":{"0":"post-1029","1":"product","2":"type-product","3":"status-publish","4":"has-post-thumbnail","6":"product_cat-lips","7":"product_shipping_class-dhl","8":"wpisset-post","9":"wpisset-post-featured","10":"wpisset-woo-has-gallery","12":"first","13":"instock","14":"taxable","15":"shipping-taxable","16":"purchasable","17":"product-type-simple"},"jetpack_sharing_enabled":true,"_links":{"self":[{"href":"https:\/\/joavina.com\/fr\/wp-json\/wp\/v2\/product\/1029","targetHints":{"allow":["GET"]}}],"collection":[{"href":"https:\/\/joavina.com\/fr\/wp-json\/wp\/v2\/product"}],"about":[{"href":"https:\/\/joavina.com\/fr\/wp-json\/wp\/v2\/types\/product"}],"replies":[{"embeddable":true,"href":"https:\/\/joavina.com\/fr\/wp-json\/wp\/v2\/comments?post=1029"}],"wp:featuredmedia":[{"embeddable":true,"href":"https:\/\/joavina.com\/fr\/wp-json\/wp\/v2\/media\/1030"}],"wp:attachment":[{"href":"https:\/\/joavina.com\/fr\/wp-json\/wp\/v2\/media?parent=1029"}],"wp:term":[{"taxonomy":"product_brand","embeddable":true,"href":"https:\/\/joavina.com\/fr\/wp-json\/wp\/v2\/product_brand?post=1029"},{"taxonomy":"product_cat","embeddable":true,"href":"https:\/\/joavina.com\/fr\/wp-json\/wp\/v2\/product_cat?post=1029"},{"taxonomy":"product_tag","embeddable":true,"href":"https:\/\/joavina.com\/fr\/wp-json\/wp\/v2\/product_tag?post=1029"}],"curies":[{"name":"wp","href":"https:\/\/api.w.org\/{rel}","templated":true}]}}