{"id":1024,"date":"2020-11-27T07:33:28","date_gmt":"2020-11-27T07:33:28","guid":{"rendered":"https:\/\/joavina.com\/?post_type=product&#038;p=1024"},"modified":"2026-02-28T13:28:47","modified_gmt":"2026-02-28T13:28:47","slug":"shea-body-butter-unscented-refillable-package","status":"publish","type":"product","link":"https:\/\/joavina.com\/fr\/produit\/shea-body-butter-unscented-refillable-package\/","title":{"rendered":"Beurre corporel de karit\u00e9 non parfum\u00e9 - Emballage rechargeable (200g)"},"content":{"rendered":"<p><span style=\"font-weight: 400;\">Ce produit artisanal est le beurre 100% brut non raffin\u00e9 qui peut \u00eatre utilis\u00e9 aussi bien pour les cheveux que pour la peau. Il est de couleur ivoire et sent le chocolat, les noix et le beurre. Ce beurre de luxe regorge de vitamines et de min\u00e9raux. Il laisse votre peau plus fra\u00eeche, plus saine et l'emp\u00eache de s\u00e9cher. \u00c0 long terme, il adoucit et renforce votre peau pour qu'elle soit plus belle. Ce produit est rechargeable.\u00a0<\/span><\/p>\n<p><span style=\"font-weight: 400;\">Ce produit de fabrication artisanale est le beurre brut non raffin\u00e9 \u00e0 100 % qui peut \u00eatre utilis\u00e9 aussi bien pour les cheveux que pour la peau. Il est de couleur ivoire et a une odeur de chocolat, de noix et de beurre. Le beurre artisanal est tr\u00e8s \u00e9pais et solide \u00e0 temp\u00e9rature ambiante, mais il fond entre 22\u00b0C et 24\u00b0C. Ce beurre luxueux, plein de vitamines et de min\u00e9raux, apporte \u00e0 votre peau beaucoup d'hydratation tout au long de la journ\u00e9e et laisse \u00e9galement votre peau plus fra\u00eeche et plus saine.<\/span><\/p>\n<p><span style=\"font-weight: 400;\">Le beurre de karit\u00e9 prot\u00e8ge et nourrit la peau et l'emp\u00eache de se dess\u00e9cher. \u00c0 long terme, il adoucit et renforce votre peau. Il apporte \u00e0 la peau des acides gras anti-\u00e2ge et un anti-inflammatoire essentiel. Gr\u00e2ce \u00e0 ses propri\u00e9t\u00e9s curatives, le beurre de karit\u00e9 aide \u00e0 diminuer les \u00e9ruptions de collag\u00e8ne, ce qui donne \u00e0 la peau une apparence plus lisse et r\u00e9duit le vieillissement. Des \u00e9tudes ont montr\u00e9 les bienfaits du beurre de karit\u00e9, en particulier son excellent pouvoir de p\u00e9n\u00e9tration dans la peau, qui le rend tr\u00e8s \u00e9mollient.\u00a0<\/span><\/p>\n<p><span style=\"font-weight: 400;\">L'huile de noix riche et luxueuse est la meilleure et la plus s\u00fbre pour tous les types de peau. Il n'existe pas de litt\u00e9rature confirmant des allergies ou des produits chimiques. Le beurre de karit\u00e9 aide \u00e0 soulager les morsures, les douleurs articulaires et les gonflements, il est bon pour les rougeurs et il calme la peau apr\u00e8s une irritation.\u00a0<\/span><\/p>\n<ul>\n<li style=\"font-weight: 400;\"><span style=\"font-weight: 400;\">Pas de produits chimiques\u00a0<\/span><\/li>\n<li style=\"font-weight: 400;\"><span style=\"font-weight: 400;\">V\u00e9g\u00e9talien\u00a0<\/span><\/li>\n<li style=\"font-weight: 400;\"><span style=\"font-weight: 400;\">Brut\/non raffin\u00e9<\/span><\/li>\n<li style=\"font-weight: 400;\"><span style=\"font-weight: 400;\">non blanchi<\/span><\/li>\n<li style=\"font-weight: 400;\"><span style=\"font-weight: 400;\">Grade A<\/span><\/li>\n<li style=\"font-weight: 400;\"><span style=\"font-weight: 400;\">No Parabens!<\/span><\/li>\n<li style=\"font-weight: 400;\"><span style=\"font-weight: 400;\">Pas de parfum (non parfum\u00e9)<\/span><\/li>\n<li style=\"font-weight: 400;\"><span style=\"font-weight: 400;\">Sans silicone<\/span><\/li>\n<li style=\"font-weight: 400;\"><span style=\"font-weight: 400;\">100 % biologique<\/span><\/li>\n<\/ul>\n<p><span style=\"font-weight: 400;\">Application :<\/span><\/p>\n<p><span style=\"font-weight: 400;\">Gently use your finger or a teaspoon to scoop from your Shea Butter, then rub it onto your skin until it\u2019s completely absorbed. Our intensive skincare product can also be used for massages.\u00a0The refillable package is specially made to replenish your used bamboo jar or to mix it with your preferable oil.<\/span><\/p>\n<p><span style=\"font-weight: 400;\">Attention :\u00a0<\/span><\/p>\n<p><span style=\"font-weight: 400;\">This raw unrefined butter has not been filtered and therefore may contain trash particles of the shea nuts. Also, those with nuts allergies should probably best speak to their dermatologist or an allergist for further directions. However, there has not been any reactions recorded. It is very rare to get any allergy so it is very low risk, but still, make sure you avoid and verify before using it.<\/span><\/p>\n<p><span style=\"font-weight: 400;\">Stockage :<\/span><\/p>\n<p><span style=\"font-weight: 400;\">Le beurre de karit\u00e9 doit \u00eatre conserv\u00e9 \u00e0 une temp\u00e9rature l\u00e9g\u00e8rement inf\u00e9rieure \u00e0 la temp\u00e9rature ambiante afin qu'il reste solide et facile \u00e0 \u00e9taler. Il fond au-dessus de 22 \u00b0C.\u00a0\u00a0<\/span><\/p>","protected":false},"excerpt":{"rendered":"<p><span style=\"font-weight: 400;\">Ce produit artisanal est le beurre 100% brut non raffin\u00e9 qui peut \u00eatre utilis\u00e9 aussi bien pour les cheveux que pour la peau. Il est de couleur ivoire et sent le chocolat, les noix et le beurre. Ce beurre de luxe regorge de vitamines et de min\u00e9raux. Il laisse votre peau plus fra\u00eeche, plus saine et l'emp\u00eache de s\u00e9cher. \u00c0 long terme, il adoucit et renforce votre peau pour qu'elle soit plus belle. Ce produit est rechargeable.\u00a0<\/span><\/p>","protected":false},"featured_media":1025,"comment_status":"open","ping_status":"closed","template":"","meta":[],"product_brand":[],"product_cat":[57,58],"product_tag":[],"class_list":{"0":"post-1024","1":"product","2":"type-product","3":"status-publish","4":"has-post-thumbnail","6":"product_cat-body","7":"product_cat-face","8":"product_shipping_class-dhl","9":"wpisset-post","10":"wpisset-post-featured","11":"wpisset-woo-has-gallery","13":"first","14":"instock","15":"taxable","16":"shipping-taxable","17":"purchasable","18":"product-type-simple"},"jetpack_sharing_enabled":true,"_links":{"self":[{"href":"https:\/\/joavina.com\/fr\/wp-json\/wp\/v2\/product\/1024","targetHints":{"allow":["GET"]}}],"collection":[{"href":"https:\/\/joavina.com\/fr\/wp-json\/wp\/v2\/product"}],"about":[{"href":"https:\/\/joavina.com\/fr\/wp-json\/wp\/v2\/types\/product"}],"replies":[{"embeddable":true,"href":"https:\/\/joavina.com\/fr\/wp-json\/wp\/v2\/comments?post=1024"}],"wp:featuredmedia":[{"embeddable":true,"href":"https:\/\/joavina.com\/fr\/wp-json\/wp\/v2\/media\/1025"}],"wp:attachment":[{"href":"https:\/\/joavina.com\/fr\/wp-json\/wp\/v2\/media?parent=1024"}],"wp:term":[{"taxonomy":"product_brand","embeddable":true,"href":"https:\/\/joavina.com\/fr\/wp-json\/wp\/v2\/product_brand?post=1024"},{"taxonomy":"product_cat","embeddable":true,"href":"https:\/\/joavina.com\/fr\/wp-json\/wp\/v2\/product_cat?post=1024"},{"taxonomy":"product_tag","embeddable":true,"href":"https:\/\/joavina.com\/fr\/wp-json\/wp\/v2\/product_tag?post=1024"}],"curies":[{"name":"wp","href":"https:\/\/api.w.org\/{rel}","templated":true}]}}