{"id":675,"date":"2019-01-30T15:35:50","date_gmt":"2019-01-30T15:35:50","guid":{"rendered":"http:\/\/localhost:8888\/skyla\/?page_id=9"},"modified":"2025-03-01T09:31:49","modified_gmt":"2025-03-01T09:31:49","slug":"about-us","status":"publish","type":"page","link":"https:\/\/joavina.com\/fr\/about-us\/","title":{"rendered":"About Us"},"content":{"rendered":"<div data-vc-full-width=\"true\" data-vc-full-width-init=\"false\" class=\"vc_row wpb_row vc_row-fluid vc_custom_1631356041774 vc_row-has-fill\"><div class=\"wpb_column vc_column_container vc_col-sm-3 vc_col-lg-4\"><div class=\"vc_column-inner\"><div class=\"wpb_wrapper\"><\/div><\/div><\/div><div class=\"wpb_column vc_column_container vc_col-sm-3 vc_col-lg-4\"><div class=\"vc_column-inner\"><div class=\"wpb_wrapper\"><\/div><\/div><\/div><div class=\"wpb_column vc_column_container vc_col-sm-6 vc_col-lg-4\"><div class=\"vc_column-inner vc_custom_1600373805123\"><div class=\"wpb_wrapper\"><\/div><\/div><\/div><\/div><div class=\"vc_row-full-width vc_clearfix\"><\/div><div class=\"vc_row wpb_row vc_row-fluid vc_column-gap-35\"><div class=\"wpb_column vc_column_container vc_col-sm-1 vc_hidden-md vc_hidden-sm vc_hidden-xs\"><div class=\"vc_column-inner\"><div class=\"wpb_wrapper\"><\/div><\/div><\/div><div class=\"wpb_column vc_column_container vc_col-sm-6 vc_col-lg-5\"><div class=\"vc_column-inner\"><div class=\"wpb_wrapper\">\n\t<div class=\"wpb_text_column wpb_content_element  p-has-drop-cap\" >\n\t\t<div class=\"wpb_wrapper\">\n\t\t\t<p><span style=\"font-weight: 400;\">Le professeur Sewodo et Mme Jeannette Komlanvi, co-fondatrices, ont donn\u00e9 \u00e0 Joavina le nom de leur fille, ce qui signifie dans le dialecte Ewe Joanna-vi-yena (\u00e0 cause de Joanna). Le professeur Sewodo K. Komlanvi est togolais et a grandi \u00e0 New York, aux \u00c9tats-Unis. Apr\u00e8s ses \u00e9tudes, il a enseign\u00e9 au niveau universitaire pendant pr\u00e8s de 20 ans aux \u00c9tats-Unis et en Allemagne. <\/span><\/p>\n<p><span style=\"font-weight: 400;\">En tant qu'entrepreneur passionn\u00e9, Sewodo a cr\u00e9\u00e9 de petites entreprises dans le pass\u00e9 et est consultant en affaires. Mme Jeannette Komlanvi, quant \u00e0 elle, est n\u00e9e au Togo, a grandi au Ghana et s'est install\u00e9e en Allemagne d\u00e8s son plus jeune \u00e2ge. Apr\u00e8s ses \u00e9tudes au Royaume-Uni, elle est retourn\u00e9e en Allemagne o\u00f9 elle a travaill\u00e9 comme comptable et auditeur pour diff\u00e9rentes entreprises. Jeannette est une femme entrepreneur de petites entreprises en s\u00e9rie.<\/span><\/p>\n<p><span style=\"font-weight: 400;\">Nous avons cr\u00e9\u00e9 cette petite entreprise et la marque bio Joavina par n\u00e9cessit\u00e9 pour introduire le beurre de karit\u00e9 et d'autres produits bio aupr\u00e8s de nos clients en Allemagne, en Europe et ailleurs dans le monde. <\/span><\/p>\n\n\t\t<\/div>\n\t<\/div>\n<\/div><\/div><\/div><div class=\"wpb_column vc_column_container vc_col-sm-6 vc_col-lg-5\"><div class=\"vc_column-inner\"><div class=\"wpb_wrapper\">\n\t<div class=\"wpb_text_column wpb_content_element\" >\n\t\t<div class=\"wpb_wrapper\">\n\t\t\t<p><span style=\"font-weight: 400;\">Nous connaissons le beurre de karit\u00e9 depuis notre enfance en Afrique, mais nous ne voyions pas vraiment la n\u00e9cessit\u00e9 de l'utiliser uniquement, jusqu'\u00e0 ce que la peau de notre fille soit irrit\u00e9e. <\/span><\/p>\n<p><span style=\"font-weight: 400;\">Elle avait des \u00e9ruptions cutan\u00e9es sur tout le corps quand elle \u00e9tait b\u00e9b\u00e9 et nous avons vraiment lutt\u00e9 pour trouver la lotion parfaite pour garder la situation sous contr\u00f4le. Sa peau a commenc\u00e9 \u00e0 peler et \u00e9tait tr\u00e8s s\u00e8che. <\/span><\/p>\n<p><span style=\"font-weight: 400;\">Par la suite, une femme \u00e2g\u00e9e du Ghana nous a dit d'essayer la m\u00e9thode traditionnelle en utilisant du beurre de karit\u00e9 et d'autres produits organiques naturels pour contr\u00f4ler son irritation cutan\u00e9e.\u00a0 <\/span><\/p>\n<p><span style=\"font-weight: 400;\">Depuis lors, nous avons r\u00e9alis\u00e9 que nous avions malheureusement grandi en connaissant d'autres produits synth\u00e9tiques disponibles dans le monde des cosm\u00e9tiques et que nous avions oubli\u00e9 les mani\u00e8res de notre m\u00e8re nature de prendre soin de notre peau. Notre objectif est donc d'atteindre une client\u00e8le diversifi\u00e9e avec les meilleurs produits biologiques africains afin d'aider la soci\u00e9t\u00e9 \u00e0 conna\u00eetre les moyens secrets de soigner et de gu\u00e9rir.<\/span><\/p>\n\n\t\t<\/div>\n\t<\/div>\n<\/div><\/div><\/div><div class=\"wpb_column vc_column_container vc_col-sm-1 vc_hidden-md vc_hidden-sm vc_hidden-xs\"><div class=\"vc_column-inner\"><div class=\"wpb_wrapper\"><\/div><\/div><\/div><\/div><div class=\"vc_row wpb_row vc_row-fluid vc_column-gap-35\"><div class=\"wpb_column vc_column_container vc_col-sm-1 vc_hidden-md vc_hidden-sm vc_hidden-xs\"><div class=\"vc_column-inner\"><div class=\"wpb_wrapper\"><\/div><\/div><\/div><div class=\"wpb_column vc_column_container vc_col-sm-6 vc_col-lg-5\"><div class=\"vc_column-inner\"><div class=\"wpb_wrapper\">\n\t<div class=\"wpb_text_column wpb_content_element  p-has-drop-cap\" >\n\t\t<div class=\"wpb_wrapper\">\n\t\t\t<p><span style=\"font-weight: 400;\">Notre mission avec Joavina est de perturber l'industrie mondiale des cosm\u00e9tiques avec des produits biologiques africains. Notre objectif avec cette marque serait de repr\u00e9senter et d'obtenir des marchandises biologiques de haute qualit\u00e9 ainsi que des produits de soins de la peau et des cheveux pour nos clients ayant des types de peau et des teints diff\u00e9rents.\u00a0<\/span><\/p>\n<p><span style=\"font-weight: 400;\">Nos produits sont compos\u00e9s \u00e0 100 % d'ingr\u00e9dients naturels, purement biologiques et fabriqu\u00e9s \u00e0 la main. Gr\u00e2ce \u00e0 une vari\u00e9t\u00e9 d'huiles et de saveurs diff\u00e9rentes, nous voulons donner \u00e0 nos clients la possibilit\u00e9 de personnaliser le produit de soin de la peau parfait qui conviendra \u00e0 leur type de peau et \u00e0 leur teint. <\/span><\/p>\n<p><span style=\"font-weight: 400;\">Chez Joavina Organics, nous ne vendons pas seulement une marque, mais une exp\u00e9rience d'utilisation du beurre de karit\u00e9 et d'autres produits biologiques africains depuis au moins des d\u00e9cennies. <\/span><\/p>\n\n\t\t<\/div>\n\t<\/div>\n<\/div><\/div><\/div><div class=\"wpb_column vc_column_container vc_col-sm-6 vc_col-lg-5\"><div class=\"vc_column-inner\"><div class=\"wpb_wrapper\">\n\t<div class=\"wpb_text_column wpb_content_element\" >\n\t\t<div class=\"wpb_wrapper\">\n\t\t\t<p><span style=\"font-weight: 400;\">En produisant et en proposant des articles \u00e9cologiques tels que nos emballages en bambou et les produits \u00e0 base de plantes, nous nous engageons \u00e0 am\u00e9liorer l'\u00e9cosyst\u00e8me en Allemagne, en Europe, aux \u00c9tats-Unis et dans le monde. Gr\u00e2ce \u00e0 notre association pour l'autonomisation des femmes, nous partageons un int\u00e9r\u00eat commun avec les femmes courageuses et leurs enfants du nord du Togo et du Burkina Faso qui travaillent sans rel\u00e2che pour r\u00e9colter les meilleures noix de karit\u00e9 et faire le beurre \u00e0 la main.  Nous nous engageons \u00e0 les aider et \u00e0 les sortir de la pauvret\u00e9.\u00a0<\/span><\/p>\n<p><span style=\"font-weight: 400;\">Pour accomplir cette mission, un extraordinaire programme de recherche et d\u00e9veloppement, de commerce et de marketing cr\u00e9atif sera utilis\u00e9 pour r\u00e9pondre \u00e0 la demande et aux attentes de nos clients. N\u00e9anmoins, un r\u00e9seau de distribution complet via notre site d'achat en ligne permettra \u00e0 notre projet d'atteindre ses objectifs.<\/span><\/p>\n\n\t\t<\/div>\n\t<\/div>\n<\/div><\/div><\/div><div class=\"wpb_column vc_column_container vc_col-sm-1 vc_hidden-md vc_hidden-sm vc_hidden-xs\"><div class=\"vc_column-inner\"><div class=\"wpb_wrapper\"><\/div><\/div><\/div><\/div><div class=\"vc_row wpb_row vc_row-fluid wpb_row_background-center-top vc_custom_1550570204648 vc_row-has-fill\"><div class=\"wpb_column vc_column_container vc_col-sm-2\"><div class=\"vc_column-inner\"><div class=\"wpb_wrapper\"><\/div><\/div><\/div><div class=\"wpb_column vc_column_container vc_col-sm-8\"><div class=\"vc_column-inner\"><div class=\"wpb_wrapper\"><h3 style=\"font-size: 36px;text-align: center\" class=\"vc_custom_heading\" ><i>\u00ab Le beurre de karit\u00e9 contient tout ce dont vous avez besoin pour votre corps. Il est riche en vitamines A, E et F et poss\u00e8de de grandes propri\u00e9t\u00e9s anti-oxydantes et \u00e9mollientes \u00bb<\/i><\/h3><p style=\"font-size: 18px;color: #6da84a;text-align: center\" class=\"vc_custom_heading vc_custom_1607343354898\" ><i>Joavina Organics, co-fondateurs<\/i><\/p><\/div><\/div><\/div><div class=\"wpb_column vc_column_container vc_col-sm-2\"><div class=\"vc_column-inner\"><div class=\"wpb_wrapper\"><\/div><\/div><\/div><\/div><div class=\"vc_row wpb_row vc_row-fluid vc_custom_1550674609691 vc_column-gap-35\"><div class=\"wpb_column vc_column_container vc_col-sm-12 vc_col-lg-4 vc_col-md-4\"><div class=\"vc_column-inner\"><div class=\"wpb_wrapper\"><div class=\"vc_empty_space\"\n\t  style=\"height: 60px\"><span class=\"vc_empty_space_inner\"><\/span><\/div>\n<a href=\"#\" class=\"skyla-es-banner6 skyla-es-banner6-86534442\" title=\"\"><div class=\"skyla-es-banner6-wrapper\"><img data-recalc-dims=\"1\" decoding=\"async\" alt=\"Vegan &amp; Cruelty-Free\" src=\"https:\/\/i0.wp.com\/joavina.com\/wp-content\/uploads\/2025\/03\/IMG-20250301-WA0018.jpg?w=760&#038;ssl=1\"><div class=\"skyla-es-banner6-content\"><h3 class=\"skyla-es-banner6-content-text-1\">V\u00e9g\u00e9talien et sans cruaut\u00e9<\/h3><span class=\"skyla-es-banner6-content-text-2\">Communaut\u00e9s durables, Renforcement des infrastructures de la soci\u00e9t\u00e9, des jeunes r\u00e9solus \u00e0 innover, Mobilisation sociale mondiale<\/span><\/div><\/div><\/a><style scoped>.skyla-es-banner6-86534442 .skyla-es-banner6-content{background-color:rgba(255,255,255,0.8);}<\/style><\/div><\/div><\/div><div class=\"wpb_column vc_column_container vc_col-sm-12 vc_col-lg-4 vc_col-md-4\"><div class=\"vc_column-inner\"><div class=\"wpb_wrapper\"><a href=\"#\" class=\"skyla-es-banner7 skyla-es-banner7-128820251\" title=\"\"><div class=\"skyla-es-banner7-wrapper\"><img data-recalc-dims=\"1\" decoding=\"async\" alt=\"Fondation Formula\u2122\" src=\"https:\/\/i0.wp.com\/joavina.com\/wp-content\/uploads\/2020\/08\/fonda.png?w=760&#038;ssl=1\"><div class=\"skyla-es-banner7-content\"><h3 class=\"skyla-es-banner7-content-text-1\">Formulation<\/h3><span class=\"skyla-es-banner7-content-text-2\">Une unit\u00e9 d'analyse partag\u00e9e alors, une id\u00e9e entrepreneuriale sociale, partenariat transparent, impact collectif dynamique.<\/span><\/div><\/div><\/a><style scoped>.skyla-es-banner7-128820251 .skyla-es-banner7-content{background-color:rgba(255,255,255,0.8);}<\/style><\/div><\/div><\/div><div class=\"wpb_column vc_column_container vc_col-sm-12 vc_col-lg-4 vc_col-md-4\"><div class=\"vc_column-inner\"><div class=\"wpb_wrapper\"><div class=\"vc_empty_space\"\n\t  style=\"height: 60px\"><span class=\"vc_empty_space_inner\"><\/span><\/div>\n<a href=\"#\" class=\"skyla-es-banner6 skyla-es-banner6-1539393200\" title=\"\"><div class=\"skyla-es-banner6-wrapper\"><img data-recalc-dims=\"1\" decoding=\"async\" alt=\"The Co-Founders&#039; Story\" src=\"https:\/\/i0.wp.com\/joavina.com\/wp-content\/uploads\/2020\/11\/ess.png?w=760&#038;ssl=1\"><div class=\"skyla-es-banner6-content\"><h3 class=\"skyla-es-banner6-content-text-1\">L'histoire des co-fondateurs<\/h3><span class=\"skyla-es-banner6-content-text-2\">Renforcer les communaut\u00e9s durables.<\/span><\/div><\/div><\/a><style scoped>.skyla-es-banner6-1539393200 .skyla-es-banner6-content{background-color:rgba(255,255,255,0.8);}<\/style><\/div><\/div><\/div><\/div>","protected":false},"excerpt":{"rendered":"Professor Sewodo and Mrs. Jeannette Komlanvi, Co-founders, have named Joavina after their daughter, which means in our Ewe dialect Joanna-vi-ena (because of Joanna). Professor Sewodo K. Komlanvi is Togolese, and grew up in New York, USA. After his studies, he has been teaching at the University level for nearly 20 years in the USA and [...]","protected":false},"author":1,"featured_media":1367,"parent":0,"menu_order":29,"comment_status":"closed","ping_status":"closed","template":"","meta":{"footnotes":""},"class_list":["post-675","page","type-page","status-publish","has-post-thumbnail","hentry","wpisset-post","wpisset-post-featured"],"jetpack_sharing_enabled":true,"_links":{"self":[{"href":"https:\/\/joavina.com\/fr\/wp-json\/wp\/v2\/pages\/675","targetHints":{"allow":["GET"]}}],"collection":[{"href":"https:\/\/joavina.com\/fr\/wp-json\/wp\/v2\/pages"}],"about":[{"href":"https:\/\/joavina.com\/fr\/wp-json\/wp\/v2\/types\/page"}],"author":[{"embeddable":true,"href":"https:\/\/joavina.com\/fr\/wp-json\/wp\/v2\/users\/1"}],"replies":[{"embeddable":true,"href":"https:\/\/joavina.com\/fr\/wp-json\/wp\/v2\/comments?post=675"}],"version-history":[{"count":27,"href":"https:\/\/joavina.com\/fr\/wp-json\/wp\/v2\/pages\/675\/revisions"}],"predecessor-version":[{"id":2043,"href":"https:\/\/joavina.com\/fr\/wp-json\/wp\/v2\/pages\/675\/revisions\/2043"}],"wp:featuredmedia":[{"embeddable":true,"href":"https:\/\/joavina.com\/fr\/wp-json\/wp\/v2\/media\/1367"}],"wp:attachment":[{"href":"https:\/\/joavina.com\/fr\/wp-json\/wp\/v2\/media?parent=675"}],"curies":[{"name":"wp","href":"https:\/\/api.w.org\/{rel}","templated":true}]}}