{"id":236,"date":"2019-02-04T09:27:52","date_gmt":"2019-02-04T09:27:52","guid":{"rendered":"http:\/\/localhost:8888\/skyla\/?post_type=product&#038;p=236"},"modified":"2026-03-23T15:50:12","modified_gmt":"2026-03-23T15:50:12","slug":"pure-african-black-soap","status":"publish","type":"product","link":"https:\/\/joavina.com\/de\/produkt\/pure-african-black-soap\/","title":{"rendered":"Pure African Black Soap (35g)"},"content":{"rendered":"<p><span style=\"font-weight: 400;\">Die Pure African Black Soap wird in Afrika auf pflanzlicher Basis handgefertigt. African Black Soap ist eine der besten L\u00f6sungen f\u00fcr Hyperpigmentierung, Ausbr\u00fcche, Dehnungsstreifen, etc. <\/span><\/p>\n<p><span style=\"font-weight: 400;\">Sie ist sicher f\u00fcr alle Hauttypen und verleiht Ihrer Haut eine ultimative Sch\u00f6nheit und Makellosigkeit. Die Pure African Black Soap ist antibakteriell und beseitigt und bek\u00e4mpft Akne, kl\u00e4rt Hautausschl\u00e4ge, hilft bei Hautunreinheiten und Mitessern. <\/span><\/p>\n<p><span style=\"font-weight: 400;\">Sie hilft auch, Rasurbrand zu verhindern. Sie ist reich an Vitamin A und E, ist unparf\u00fcmiert und lindert Juckreiz und Irritationen.<\/span><\/p>\n<h3><strong>Zutaten: <\/strong><\/h3>\n<p><span style=\"font-weight: 400;\">Kakaoschoten, Kokosnuss\u00f6l, Palmwedelderivate, Palmkern\u00f6l, Kochbananenrinde und Sheabutter.<\/span><\/p>\n<h3><strong>Anwendung: <\/strong><\/h3>\n<p><span style=\"font-weight: 400;\">Nehmen Sie einfach ein kleines St\u00fcck Seife vom St\u00fcck und verreiben Sie es zwischen den H\u00e4nden und tragen Sie es auf Gesicht und K\u00f6rper auf. Sp\u00fclen Sie die Seife mit lauwarmem Wasser ab.<\/span><\/p>\n<h3><span style=\"font-weight: 400;\"><strong>Achtung!<\/strong> <\/span><\/h3>\n<p><span style=\"font-weight: 400;\">Das Produkt ist unverarbeitet und hat daher eine raue Textur, seien Sie also vorsichtig beim Auftragen. Achten Sie auch darauf, dass Sie Ihre Augen schlie\u00dfen, bevor Sie es auftragen und das Gesicht absp\u00fclen, da es in den Augen brennen kann.<\/span><\/p>","protected":false},"excerpt":{"rendered":"<p><span style=\"font-weight: 400;\">Die Pure African Black Soap wird in Afrika auf pflanzlicher Basis handgefertigt. African Black Soap ist eine der besten L\u00f6sungen f\u00fcr Hyperpigmentierung, Ausbr\u00fcche, Dehnungsstreifen, etc.<\/span><\/p>","protected":false},"featured_media":1570,"comment_status":"open","ping_status":"closed","template":"","meta":[],"product_brand":[],"product_cat":[58],"product_tag":[39,49,53],"class_list":{"0":"post-236","1":"product","2":"type-product","3":"status-publish","4":"has-post-thumbnail","6":"product_cat-face","7":"product_tag-bath-body","8":"product_tag-new","9":"product_tag-skincare","10":"product_shipping_class-dhl","11":"wpisset-post","12":"wpisset-post-featured","14":"first","15":"instock","16":"taxable","17":"shipping-taxable","18":"purchasable","19":"product-type-simple"},"jetpack_sharing_enabled":true,"_links":{"self":[{"href":"https:\/\/joavina.com\/de\/wp-json\/wp\/v2\/product\/236","targetHints":{"allow":["GET"]}}],"collection":[{"href":"https:\/\/joavina.com\/de\/wp-json\/wp\/v2\/product"}],"about":[{"href":"https:\/\/joavina.com\/de\/wp-json\/wp\/v2\/types\/product"}],"replies":[{"embeddable":true,"href":"https:\/\/joavina.com\/de\/wp-json\/wp\/v2\/comments?post=236"}],"wp:featuredmedia":[{"embeddable":true,"href":"https:\/\/joavina.com\/de\/wp-json\/wp\/v2\/media\/1570"}],"wp:attachment":[{"href":"https:\/\/joavina.com\/de\/wp-json\/wp\/v2\/media?parent=236"}],"wp:term":[{"taxonomy":"product_brand","embeddable":true,"href":"https:\/\/joavina.com\/de\/wp-json\/wp\/v2\/product_brand?post=236"},{"taxonomy":"product_cat","embeddable":true,"href":"https:\/\/joavina.com\/de\/wp-json\/wp\/v2\/product_cat?post=236"},{"taxonomy":"product_tag","embeddable":true,"href":"https:\/\/joavina.com\/de\/wp-json\/wp\/v2\/product_tag?post=236"}],"curies":[{"name":"wp","href":"https:\/\/api.w.org\/{rel}","templated":true}]}}