{"id":1491,"date":"2021-11-24T18:44:28","date_gmt":"2021-11-24T18:44:28","guid":{"rendered":"https:\/\/joavina.com\/?post_type=product&#038;p=1491"},"modified":"2026-03-24T21:52:41","modified_gmt":"2026-03-24T21:52:41","slug":"liquid-black-soap","status":"publish","type":"product","link":"https:\/\/joavina.com\/de\/produkt\/liquid-black-soap\/","title":{"rendered":"Liquid Black Soap"},"content":{"rendered":"<p><span style=\"font-weight: 400;\">The Liquid Black Soap is a handmade plant-based ingredient in Africa. Liquid Black Soap is one of the best solutions for hyperpigmentation, breakouts, stretch marks, etc. <\/span><\/p>\n<p><span style=\"font-weight: 400;\">It is safe for all skin types and gives your skin the ultimate beauty, flawless skin. The Liquid African Black Soap is Antibacterial and eliminates bacterial and fights acne, clears rashes, helps blemish and blackheads skin. <\/span><\/p>\n<p><span style=\"font-weight: 400;\">Sie hilft auch, Rasurbrand zu verhindern. Sie ist reich an Vitamin A und E, ist unparf\u00fcmiert und lindert Juckreiz und Irritationen.<\/span><\/p>\n<h3><strong>Zutaten: <\/strong><\/h3>\n<p><span style=\"font-weight: 400;\">Cocoa Pods, Coconut Oil, Palm Leaf Derivatives, Palm Kernel Oil, Plantain Bark, and Shea Butter.<\/span><\/p>\n<h3><strong>Anwendung: <\/strong><\/h3>\n<p><span style=\"font-weight: 400;\">Nehmen Sie einfach ein kleines St\u00fcck Seife vom St\u00fcck und verreiben Sie es zwischen den H\u00e4nden und tragen Sie es auf Gesicht und K\u00f6rper auf. Sp\u00fclen Sie die Seife mit lauwarmem Wasser ab.<\/span><\/p>\n<h3><span style=\"font-weight: 400;\"><strong>Achtung!<\/strong> <\/span><\/h3>\n<p><span style=\"font-weight: 400;\">The product is unprocessed and therefore has a rough texture, so be aware of applying it. Also, make sure you close your eyes before you apply and wash it off as it may burn your eyes.<\/span><\/p>","protected":false},"excerpt":{"rendered":"<p><span style=\"font-weight: 400;\">The Liquid Black Soap is a handmade plant-based ingredient in Africa. Liquid Black Soap is one of the best solutions for hyperpigmentation, breakouts, stretch marks, etc.<\/span><\/p>\n<p><img loading=\"lazy\" decoding=\"async\" class=\"img-margin-bottom alignnone wp-image-738 size-medium\" src=\"https:\/\/joavina.com\/wp-content\/uploads\/2019\/02\/product_badges-1-300x61.jpg\" alt=\"\" width=\"300\" height=\"61\" srcset=\"https:\/\/i0.wp.com\/joavina.com\/wp-content\/uploads\/2019\/02\/product_badges-1.jpg?resize=300%2C61&amp;ssl=1 300w, https:\/\/i0.wp.com\/joavina.com\/wp-content\/uploads\/2019\/02\/product_badges-1.jpg?w=420&amp;ssl=1 420w\" sizes=\"auto, (max-width: 300px) 100vw, 300px\" \/><\/p>","protected":false},"featured_media":1492,"comment_status":"open","ping_status":"closed","template":"","meta":[],"product_brand":[],"product_cat":[57,58,145,146,147],"product_tag":[39,49,53],"class_list":{"0":"post-1491","1":"product","2":"type-product","3":"status-publish","4":"has-post-thumbnail","6":"product_cat-body","7":"product_cat-face","8":"product_cat-organic","9":"product_cat-skincare","10":"product_cat-soap","11":"product_tag-bath-body","12":"product_tag-new","13":"product_tag-skincare","14":"product_shipping_class-dhl","15":"wpisset-post","16":"wpisset-post-featured","17":"wpisset-woo-has-gallery","19":"first","20":"instock","21":"taxable","22":"shipping-taxable","23":"purchasable","24":"product-type-simple"},"jetpack_sharing_enabled":true,"_links":{"self":[{"href":"https:\/\/joavina.com\/de\/wp-json\/wp\/v2\/product\/1491","targetHints":{"allow":["GET"]}}],"collection":[{"href":"https:\/\/joavina.com\/de\/wp-json\/wp\/v2\/product"}],"about":[{"href":"https:\/\/joavina.com\/de\/wp-json\/wp\/v2\/types\/product"}],"replies":[{"embeddable":true,"href":"https:\/\/joavina.com\/de\/wp-json\/wp\/v2\/comments?post=1491"}],"wp:featuredmedia":[{"embeddable":true,"href":"https:\/\/joavina.com\/de\/wp-json\/wp\/v2\/media\/1492"}],"wp:attachment":[{"href":"https:\/\/joavina.com\/de\/wp-json\/wp\/v2\/media?parent=1491"}],"wp:term":[{"taxonomy":"product_brand","embeddable":true,"href":"https:\/\/joavina.com\/de\/wp-json\/wp\/v2\/product_brand?post=1491"},{"taxonomy":"product_cat","embeddable":true,"href":"https:\/\/joavina.com\/de\/wp-json\/wp\/v2\/product_cat?post=1491"},{"taxonomy":"product_tag","embeddable":true,"href":"https:\/\/joavina.com\/de\/wp-json\/wp\/v2\/product_tag?post=1491"}],"curies":[{"name":"wp","href":"https:\/\/api.w.org\/{rel}","templated":true}]}}