{"id":1198,"date":"2021-02-02T08:21:29","date_gmt":"2021-02-02T08:21:29","guid":{"rendered":"https:\/\/joavina.com\/?post_type=product&#038;p=1198"},"modified":"2026-03-24T21:55:08","modified_gmt":"2026-03-24T21:55:08","slug":"shea-lip-balm-refill","status":"publish","type":"product","link":"https:\/\/joavina.com\/de\/produkt\/shea-lip-balm-refill\/","title":{"rendered":"Shea Lip Balm + Refill"},"content":{"rendered":"<p>Der Shea Lippenbalsam ist eine rohe 100% Bio-Sheabutter f\u00fcr Ihre Lippen, H\u00e4nde, F\u00fc\u00dfe und nat\u00fcrlich alle anderen trockenen Zonen. Auch dieser Balsam ist elfenbeinfarbig, fest und riecht nach N\u00fcssen, Schokolade und Butter. Er macht die Haut sehr geschmeidig und gibt ihr den Glanz, den man sich w\u00fcnscht, wenn man drau\u00dfen ist.  Die nachf\u00fcllbare Packung ist speziell daf\u00fcr gemacht, Ihren gebrauchten Bambus-Topf wieder aufzuf\u00fcllen.<\/p>\n<p>Vermeiden Sie, ihn in die Sonne zu halten. Der Shea-Lippenbalsam kann auch auf H\u00e4nde, F\u00fc\u00dfe und alle trockenen Zonen aufgetragen werden. Er macht die Haut sehr glatt und gibt ihr den Glanz, den man sich w\u00fcnscht, wenn man drau\u00dfen ist.<\/p>\n<p>Diese Butter voller Mineralien und Vitamine sch\u00fctzt die Sonne. Wenn Sie also drau\u00dfen sind, ist es effektiv, es als Sonnenschutzmittel zu verwenden. Dieser Artikel ist im Grunde genau das gleiche wie die Shea K\u00f6rperbutter in kleinen.<\/p>\n<ul>\n<li aria-level=\"1\">Keine Chemikalien<\/li>\n<li aria-level=\"1\">Vegan<\/li>\n<li aria-level=\"1\">Roh\/unraffiniert<\/li>\n<li aria-level=\"1\">Ungebleicht<\/li>\n<li aria-level=\"1\">G\u00fcteklasse A<\/li>\n<li aria-level=\"1\">Keine Parabene<\/li>\n<li aria-level=\"1\">Kein Parf\u00fcm\n(unparf\u00fcmiert)<\/li>\n<li aria-level=\"1\">Frei von Silikonen<\/li>\n<li aria-level=\"1\">100% biologisch<\/li>\n<\/ul>\n<h3>Anwendung:<\/h3>\n<p>Verwenden Sie bitte Ihren Finger, um aus dem Glas zu sch\u00f6pfen und es direkt auf Ihre Lippen, H\u00e4nde oder auf eine trockene Hautstelle aufzutragen.<\/p>\n<h3>Achtung!<\/h3>\n<p>Die Sheabutter sollte etwas unter Raumtemperatur gelagert werden, damit sie festbleibt und sich gut verteilen l\u00e4sst. Lagern Sie sie nicht zu lange in der Sonne. Sie schmilzt \u00fcber 22\u00b0C.<\/p>\n<p>Sollten Sie Nussallergie haben, wenden Sie sich am besten an Ihren Dermatologen oder einen Allergologen, um weitere Hinweise zu erhalten. Es sind bisher jedoch keine schlechten Reaktionen verzeichnet worden.<\/p>","protected":false},"excerpt":{"rendered":"<p>Der Shea Lippenbalsam ist eine rohe 100% Bio-Sheabutter f\u00fcr Ihre Lippen, H\u00e4nde, F\u00fc\u00dfe und nat\u00fcrlich alle anderen trockenen Zonen. Auch dieser Balsam ist elfenbeinfarbig, fest und riecht nach N\u00fcssen, Schokolade und Butter. Er macht die Haut sehr geschmeidig und gibt ihr den Glanz, den man sich w\u00fcnscht, wenn man drau\u00dfen ist.  Die nachf\u00fcllbare Packung ist speziell daf\u00fcr gemacht, Ihren gebrauchten Bambus-Topf wieder aufzuf\u00fcllen.<\/p>","protected":false},"featured_media":1199,"comment_status":"open","ping_status":"closed","template":"","meta":[],"product_brand":[],"product_cat":[59],"product_tag":[],"class_list":{"0":"post-1198","1":"product","2":"type-product","3":"status-publish","4":"has-post-thumbnail","6":"product_cat-lips","7":"product_shipping_class-dhl","8":"wpisset-post","9":"wpisset-post-featured","11":"first","12":"instock","13":"taxable","14":"shipping-taxable","15":"purchasable","16":"product-type-simple"},"jetpack_sharing_enabled":true,"_links":{"self":[{"href":"https:\/\/joavina.com\/de\/wp-json\/wp\/v2\/product\/1198","targetHints":{"allow":["GET"]}}],"collection":[{"href":"https:\/\/joavina.com\/de\/wp-json\/wp\/v2\/product"}],"about":[{"href":"https:\/\/joavina.com\/de\/wp-json\/wp\/v2\/types\/product"}],"replies":[{"embeddable":true,"href":"https:\/\/joavina.com\/de\/wp-json\/wp\/v2\/comments?post=1198"}],"wp:featuredmedia":[{"embeddable":true,"href":"https:\/\/joavina.com\/de\/wp-json\/wp\/v2\/media\/1199"}],"wp:attachment":[{"href":"https:\/\/joavina.com\/de\/wp-json\/wp\/v2\/media?parent=1198"}],"wp:term":[{"taxonomy":"product_brand","embeddable":true,"href":"https:\/\/joavina.com\/de\/wp-json\/wp\/v2\/product_brand?post=1198"},{"taxonomy":"product_cat","embeddable":true,"href":"https:\/\/joavina.com\/de\/wp-json\/wp\/v2\/product_cat?post=1198"},{"taxonomy":"product_tag","embeddable":true,"href":"https:\/\/joavina.com\/de\/wp-json\/wp\/v2\/product_tag?post=1198"}],"curies":[{"name":"wp","href":"https:\/\/api.w.org\/{rel}","templated":true}]}}