{"id":1196,"date":"2021-02-02T08:14:27","date_gmt":"2021-02-02T08:14:27","guid":{"rendered":"https:\/\/joavina.com\/?post_type=product&#038;p=1196"},"modified":"2026-04-11T00:29:10","modified_gmt":"2026-04-11T00:29:10","slug":"shea-body-butter-refill","status":"publish","type":"product","link":"https:\/\/joavina.com\/de\/produkt\/shea-body-butter-refill\/","title":{"rendered":"Shea Body Butter + Refill"},"content":{"rendered":"<p>Dieses handwerkliche Produkt ist die 100% rohe, nicht raffinierte Butter, die sowohl f\u00fcr die Haare, H\u00e4nde, Lippen als auch f\u00fcr die Haut verwendet werden kann. Es hat eine elfenbeinfarbene Farbe und riecht nach Schokolade, N\u00fcssen und Butter. Diese luxuri\u00f6se Butter ist voller Vitamine und Mineralien. Die Shea Body Butter und Shea Lip Balm sorgen daf\u00fcr,  dass Ihre Lippen, F\u00fc\u00dfe, H\u00e4nde, Haare und Ihr K\u00f6rper erfrischt und ges\u00fcnder aussehen. Bei langfristiger Anwendung macht es Ihre Haut weich und st\u00e4rkt sie, um sch\u00f6ner auszusehen. Die nachf\u00fcllbare Verpackung wurde speziell hergestellt, um Ihr gebrauchtes Bambusglas wieder aufzuf\u00fcllen oder mit Ihrem bevorzugten \u00d6l zu mischen.<\/p>\n<p>Die hausgemachte Butter ist bei Zimmertemperatur sehr dick und fest, schmilzt aber zwischen 22\u00b0C und 24\u00b0C. Diese luxuri\u00f6se Butter voller Vitamine und Mineralien versorgt Ihre Haut den ganzen Tag \u00fcber mit viel Feuchtigkeit und l\u00e4sst Ihre Haut zudem erfrischt und ges\u00fcnder aussehen.<\/p>\n<p>Die Shea-Butter sch\u00fctzt und n\u00e4hrt die Haut und bewahrt sie vor dem Austrocknen. Bei langfristiger Anwendung macht sie Ihre Haut geschmeidig und st\u00e4rkt sie. Sie liefert Anti-Aging-Fetts\u00e4uren und einen wichtigen Entz\u00fcndungshemmer in die Haut. Mit ihren heilenden Eigenschaften hilft Shea Butter, den Abbau von Kollagen zu verringern, was die Haut glatter erscheinen l\u00e4sst und die Hautalterung reduziert. Studien haben gezeigt, wie gut Shea Butter ist, vor allem die gro\u00dfartige Arbeit, die sie beim Eindringen in die Haut leistet, was sie sehr geschmeidig macht.<\/p>\n<p>Das luxuri\u00f6se, reichhaltige Baumnuss\u00f6l ist f\u00fcr alle Hauttypen bestens geeignet und sicher. Es gibt keine Literatur, die irgendwelche Allergien oder Chemikalien best\u00e4tigt. Shea Butter hilft bei Bissen, Gelenkschmerzen, Schwellungen, gut bei R\u00f6tungen und es beruhigt die Haut nach jeder Reizung.<\/p>\n<ul>\n<li aria-level=\"1\">Keine Chemikalien<\/li>\n<li aria-level=\"1\">Vegan<\/li>\n<li aria-level=\"1\">Roh\/unraffiniert<\/li>\n<li aria-level=\"1\">Ungebleicht<\/li>\n<li aria-level=\"1\">G\u00fcteklasse A<\/li>\n<li aria-level=\"1\">Keine Parabene<\/li>\n<li aria-level=\"1\">Kein Parf\u00fcm\n(unparf\u00fcmiert)<\/li>\n<li aria-level=\"1\">Frei von Silikonen<\/li>\n<li aria-level=\"1\">100% biologisch<\/li>\n<\/ul>\n<h3>Anwendung:<\/h3>\n<p>Sch\u00f6pfen Sie die Shea Butter sanft mit dem Finger oder einem Teel\u00f6ffel ab und reiben Sie sie dann auf die Haut, bis sie vollst\u00e4ndig eingezogen ist. Unser intensives Hautpflegeprodukt kann auch f\u00fcr Massagen verwendet werden. Die nachf\u00fcllbare Packung ist speziell daf\u00fcr gedacht, Ihren verbrauchten Bambus-Tiegel wieder aufzuf\u00fcllen oder ihn mit Ihrem bevorzugten \u00d6l zu mischen.<\/p>\n<h3>Achtung!<\/h3>\n<p>Diese rohe, unraffinierte Butter wurde nicht gefiltert und kann daher Tr\u00fcmmerteile der Shea-N\u00fcsse enthalten. Sollten Sie Au\u00dferdem Nussallergien haben, wenden Sie sich am besten an Ihren Dermatologen oder einen Allergologen, um weitere Hinweise zu erhalten. Es sind jedoch keine Reaktionen bekannt. Es ist sehr selten, eine Allergie zu bekommen, so dass das Risiko sehr gering ist, aber trotzdem sollten Sie es vermeiden und vor der Anwendung \u00fcberpr\u00fcfen.<\/p>\n<h3>Lagerung:<\/h3>\n<p>Sheabutter sollte etwas unter Raumtemperatur gelagert werden, damit sie festbleibt und sich gut verteilen l\u00e4sst. Sie schmilzt \u00fcber 22\u00b0C.<\/p>","protected":false},"excerpt":{"rendered":"<p>Dieses handwerkliche Produkt ist die 100% rohe, nicht raffinierte Butter, die sowohl f\u00fcr die Haare, H\u00e4nde, Lippen als auch f\u00fcr die Haut verwendet werden kann. Es hat eine elfenbeinfarbene Farbe und riecht nach Schokolade, N\u00fcssen und Butter. Diese luxuri\u00f6se Butter ist voller Vitamine und Mineralien. Die Shea Body Butter und Shea Lip Balm sorgen daf\u00fcr,  dass Ihre Lippen, F\u00fc\u00dfe, H\u00e4nde, Haare und Ihr K\u00f6rper erfrischt und ges\u00fcnder aussehen. Bei langfristiger Anwendung macht es Ihre Haut weich und st\u00e4rkt sie, um sch\u00f6ner auszusehen. Die nachf\u00fcllbare Verpackung wurde speziell hergestellt, um Ihr gebrauchtes Bambusglas wieder aufzuf\u00fcllen oder mit Ihrem bevorzugten \u00d6l zu mischen.<\/p>","protected":false},"featured_media":1197,"comment_status":"open","ping_status":"closed","template":"","meta":[],"product_brand":[],"product_cat":[57,59],"product_tag":[],"class_list":{"0":"post-1196","1":"product","2":"type-product","3":"status-publish","4":"has-post-thumbnail","6":"product_cat-body","7":"product_cat-lips","8":"product_shipping_class-dhl","9":"wpisset-post","10":"wpisset-post-featured","12":"first","13":"instock","14":"taxable","15":"shipping-taxable","16":"purchasable","17":"product-type-simple"},"jetpack_sharing_enabled":true,"_links":{"self":[{"href":"https:\/\/joavina.com\/de\/wp-json\/wp\/v2\/product\/1196","targetHints":{"allow":["GET"]}}],"collection":[{"href":"https:\/\/joavina.com\/de\/wp-json\/wp\/v2\/product"}],"about":[{"href":"https:\/\/joavina.com\/de\/wp-json\/wp\/v2\/types\/product"}],"replies":[{"embeddable":true,"href":"https:\/\/joavina.com\/de\/wp-json\/wp\/v2\/comments?post=1196"}],"wp:featuredmedia":[{"embeddable":true,"href":"https:\/\/joavina.com\/de\/wp-json\/wp\/v2\/media\/1197"}],"wp:attachment":[{"href":"https:\/\/joavina.com\/de\/wp-json\/wp\/v2\/media?parent=1196"}],"wp:term":[{"taxonomy":"product_brand","embeddable":true,"href":"https:\/\/joavina.com\/de\/wp-json\/wp\/v2\/product_brand?post=1196"},{"taxonomy":"product_cat","embeddable":true,"href":"https:\/\/joavina.com\/de\/wp-json\/wp\/v2\/product_cat?post=1196"},{"taxonomy":"product_tag","embeddable":true,"href":"https:\/\/joavina.com\/de\/wp-json\/wp\/v2\/product_tag?post=1196"}],"curies":[{"name":"wp","href":"https:\/\/api.w.org\/{rel}","templated":true}]}}