{"id":1029,"date":"2020-11-27T07:36:58","date_gmt":"2020-11-27T07:36:58","guid":{"rendered":"https:\/\/joavina.com\/?post_type=product&#038;p=1029"},"modified":"2025-05-29T02:49:59","modified_gmt":"2025-05-29T02:49:59","slug":"shea-lip-balm-refillable-package","status":"publish","type":"product","link":"https:\/\/joavina.com\/de\/produkt\/shea-lip-balm-refillable-package\/","title":{"rendered":"SHEA LIPPENBALSAM - \nNachf\u00fcllbare Packung (10g)"},"content":{"rendered":"<p><span style=\"font-weight: 400;\">Der Shea Lippenbalsam ist eine rohe 100% Bio-Sheabutter f\u00fcr Ihre Lippen, H\u00e4nde, F\u00fc\u00dfe und nat\u00fcrlich alle anderen trockenen Zonen. Auch dieser Balsam ist elfenbeinfarbig, fest und riecht nach N\u00fcssen, Schokolade und Butter. Er macht die Haut sehr geschmeidig und gibt ihr den Glanz, den man sich w\u00fcnscht, wenn man drau\u00dfen ist.  Die nachf\u00fcllbare Packung ist speziell daf\u00fcr gemacht, Ihren gebrauchten Bambus-Topf wieder aufzuf\u00fcllen.<\/span><\/p>\n<p><span style=\"font-weight: 400;\">Unser Shea Lippenbalsam ist eine rohe 100% biologische Shea Butter f\u00fcr Ihre Lippen, H\u00e4nde und F\u00fc\u00dfe. Die Verpackung ist sehr niedlich, sodass Sie ihn immer dabeihaben k\u00f6nnen. Er l\u00e4sst sich schnell auftragen und passt in jede Tasche, auch in Damenhandtaschen.<\/span><\/p>\n<p><span style=\"font-weight: 400;\">Au\u00dferdem ist dieser Balsam elfenbeinfarbig, fest und riecht nach N\u00fcssen, Schokolade und Butter. Die dicke, feste Butter ist am besten an einem k\u00fchlen Ort aufzubewahren oder zu lagern.<\/span><\/p>\n<p><span style=\"font-weight: 400;\">Vermeiden Sie, ihn in die Sonne zu halten. Der Shea-Lippenbalsam kann auch auf H\u00e4nde, F\u00fc\u00dfe und alle trockenen Zonen aufgetragen werden. Er macht die Haut sehr glatt und gibt ihr den Glanz, den man sich w\u00fcnscht, wenn man drau\u00dfen ist.<\/span><\/p>\n<p><span style=\"font-weight: 400;\">Diese Butter, die reich an Mineralien und Vitaminen ist, ist sonnensch\u00fctzend. Wann immer Sie also drau\u00dfen sind, ist es effektiv, sie als Sonnenschutz zu verwenden. Dieser Artikel ist im Grunde nur das gleiche wie die Shea K\u00f6rperbutter in kleinen Mengen.<\/span><\/p>\n<ul>\n<li style=\"font-weight: 400;\"><span style=\"font-weight: 400;\">Keine Chemikalien<\/span><\/li>\n<li style=\"font-weight: 400;\"><span style=\"font-weight: 400;\">Vegan\u00a0<\/span><\/li>\n<li style=\"font-weight: 400;\"><span style=\"font-weight: 400;\">Roh\/unraffiniert<\/span><\/li>\n<li style=\"font-weight: 400;\"><span style=\"font-weight: 400;\">Ungebleicht<\/span><\/li>\n<li style=\"font-weight: 400;\"><span style=\"font-weight: 400;\">G\u00fcteklasse A<\/span><\/li>\n<li style=\"font-weight: 400;\"><span style=\"font-weight: 400;\">Keine Parabene<\/span><\/li>\n<li style=\"font-weight: 400;\"><span style=\"font-weight: 400;\">Kein Parf\u00fcm\n(unparf\u00fcmiert)<\/span><\/li>\n<li style=\"font-weight: 400;\"><span style=\"font-weight: 400;\">Frei von Silikonen<\/span><\/li>\n<li style=\"font-weight: 400;\"><span style=\"font-weight: 400;\">100% biologisch<\/span><\/li>\n<\/ul>\n<p><span style=\"font-weight: 400;\">Anwendung:<\/span><\/p>\n<p><span style=\"font-weight: 400;\">Sch\u00f6pfen Sie das \u00d6l mit dem Finger aus dem Tiegel und tragen Sie es direkt auf Ihre Lippen, H\u00e4nde oder auf jede trockene Hautpartie auf. Die nachf\u00fcllbare Packung ist speziell daf\u00fcr gedacht, Ihren gebrauchten Bambus-Tiegel wieder aufzuf\u00fcllen oder ihn mit Ihrem bevorzugten \u00d6l zu mischen.<\/span><\/p>\n<p><span style=\"font-weight: 400;\">Achtung!<\/span><\/p>\n<p><span style=\"font-weight: 400;\">Die Sheabutter sollte etwas unter Raumtemperatur gelagert werden, damit sie festbleibt und sich gut verteilen l\u00e4sst. Lagern Sie sie nicht zu lange in der Sonne. Sie schmilzt \u00fcber 22\u00b0C.<\/span><\/p>\n<p><span style=\"font-weight: 400;\">Sollten Sie Nussallergie haben, wenden Sie sich am besten an Ihren Dermatologen oder einen Allergologen, um weitere Hinweise zu erhalten. Es sind bisher jedoch keine schlechten Reaktionen verzeichnet worden.<\/span><\/p>","protected":false},"excerpt":{"rendered":"<p><span style=\"font-weight: 400;\">Der Shea Lippenbalsam ist eine rohe 100% Bio-Sheabutter f\u00fcr Ihre Lippen, H\u00e4nde, F\u00fc\u00dfe und nat\u00fcrlich alle anderen trockenen Zonen. Auch dieser Balsam ist elfenbeinfarbig, fest und riecht nach N\u00fcssen, Schokolade und Butter. Er macht die Haut sehr geschmeidig und gibt ihr den Glanz, den man sich w\u00fcnscht, wenn man drau\u00dfen ist.  Die nachf\u00fcllbare Packung ist speziell daf\u00fcr gemacht, Ihren gebrauchten Bambus-Topf wieder aufzuf\u00fcllen.<\/span><\/p>","protected":false},"featured_media":1030,"comment_status":"open","ping_status":"closed","template":"","meta":[],"product_brand":[],"product_cat":[59],"product_tag":[],"class_list":{"0":"post-1029","1":"product","2":"type-product","3":"status-publish","4":"has-post-thumbnail","6":"product_cat-lips","7":"product_shipping_class-dhl","8":"wpisset-post","9":"wpisset-post-featured","10":"wpisset-woo-has-gallery","12":"first","13":"instock","14":"taxable","15":"shipping-taxable","16":"purchasable","17":"product-type-simple"},"jetpack_sharing_enabled":true,"_links":{"self":[{"href":"https:\/\/joavina.com\/de\/wp-json\/wp\/v2\/product\/1029","targetHints":{"allow":["GET"]}}],"collection":[{"href":"https:\/\/joavina.com\/de\/wp-json\/wp\/v2\/product"}],"about":[{"href":"https:\/\/joavina.com\/de\/wp-json\/wp\/v2\/types\/product"}],"replies":[{"embeddable":true,"href":"https:\/\/joavina.com\/de\/wp-json\/wp\/v2\/comments?post=1029"}],"wp:featuredmedia":[{"embeddable":true,"href":"https:\/\/joavina.com\/de\/wp-json\/wp\/v2\/media\/1030"}],"wp:attachment":[{"href":"https:\/\/joavina.com\/de\/wp-json\/wp\/v2\/media?parent=1029"}],"wp:term":[{"taxonomy":"product_brand","embeddable":true,"href":"https:\/\/joavina.com\/de\/wp-json\/wp\/v2\/product_brand?post=1029"},{"taxonomy":"product_cat","embeddable":true,"href":"https:\/\/joavina.com\/de\/wp-json\/wp\/v2\/product_cat?post=1029"},{"taxonomy":"product_tag","embeddable":true,"href":"https:\/\/joavina.com\/de\/wp-json\/wp\/v2\/product_tag?post=1029"}],"curies":[{"name":"wp","href":"https:\/\/api.w.org\/{rel}","templated":true}]}}