{"id":1024,"date":"2020-11-27T07:33:28","date_gmt":"2020-11-27T07:33:28","guid":{"rendered":"https:\/\/joavina.com\/?post_type=product&#038;p=1024"},"modified":"2026-02-28T13:28:47","modified_gmt":"2026-02-28T13:28:47","slug":"shea-body-butter-unscented-refillable-package","status":"publish","type":"product","link":"https:\/\/joavina.com\/de\/produkt\/shea-body-butter-unscented-refillable-package\/","title":{"rendered":"UNPARF\u00dcMIERTE SHEABUTTER - Nachf\u00fcllbare Packung (200g)"},"content":{"rendered":"<p><span style=\"font-weight: 400;\">Dieses handwerkliche Produkt ist die 100% rohe, nicht raffinierte Butter, die sowohl f\u00fcr Haare als auch f\u00fcr die Haut verwendet werden kann. Es hat eine elfenbeinfarbene Farbe und riecht nach Schokolade, N\u00fcssen und Butter. Diese luxuri\u00f6se Butter ist voller Vitamine und Mineralien. Ihre Haut sieht erfrischt und ges\u00fcnder aus und verhindert das Austrocknen. Langfristig macht es Ihre Haut weich und st\u00e4rkt sie, um noch sch\u00f6ner auszusehen.\u00a0<\/span><\/p>\n<p><span style=\"font-weight: 400;\">Dieses handgefertigte Produkt ist die 100% rohe, unraffinierte Butter, die sowohl f\u00fcr Haare als auch f\u00fcr die Haut verwendet werden kann. Sie hat eine elfenbeinfarbene Farbe und riecht nach Schokolade, N\u00fcssen und Butter. Die hausgemachte Butter ist bei Zimmertemperatur sehr dick und fest, schmilzt aber zwischen 22\u00b0C und 24\u00b0C. Diese luxuri\u00f6se Butter voller Vitamine und Mineralien versorgt Ihre Haut den ganzen Tag \u00fcber mit viel Feuchtigkeit und l\u00e4sst Ihre Haut zudem erfrischt und ges\u00fcnder aussehen.<\/span><\/p>\n<p><span style=\"font-weight: 400;\">Sheabutter sch\u00fctzt und pflegt die Haut und verhindert das Austrocknen. Langfristig macht es Ihre Haut weich und st\u00e4rkt sie. Es liefert Anti-Aging-Fetts\u00e4uren und ein wichtiges entz\u00fcndungshemmendes Mittel in die Haut. Mit seinen heilenden Eigenschaften hilft Shea Butter, die Kollagenausbr\u00fcche zu verringern, wodurch die Haut glatter erscheint und das Altern verringert wird. Studien haben gezeigt, wie gut Sheabutter ist, insbesondere die gro\u00dfartige Arbeit beim Eindringen in die Haut, die sie sehr geschmeidig macht.\u00a0<\/span><\/p>\n<p><span style=\"font-weight: 400;\">Das luxuri\u00f6se, reichhaltige Baumnuss\u00f6l ist f\u00fcr alle Hauttypen bestens geeignet und sicher. Es gibt keine Literatur, die irgendwelche Allergien oder Chemikalien best\u00e4tigt. Shea Butter hilft bei Bissen, Gelenkschmerzen, Schwellungen, gut bei R\u00f6tungen und es beruhigt die Haut nach jeder Reizung.\u00a0<\/span><\/p>\n<ul>\n<li style=\"font-weight: 400;\"><span style=\"font-weight: 400;\">Keine Chemikalien\u00a0<\/span><\/li>\n<li style=\"font-weight: 400;\"><span style=\"font-weight: 400;\">Vegan\u00a0<\/span><\/li>\n<li style=\"font-weight: 400;\"><span style=\"font-weight: 400;\">Roh\/unraffiniert<\/span><\/li>\n<li style=\"font-weight: 400;\"><span style=\"font-weight: 400;\">Ungebleicht<\/span><\/li>\n<li style=\"font-weight: 400;\"><span style=\"font-weight: 400;\">G\u00fcteklasse A<\/span><\/li>\n<li style=\"font-weight: 400;\"><span style=\"font-weight: 400;\">Keine Parabene<\/span><\/li>\n<li style=\"font-weight: 400;\"><span style=\"font-weight: 400;\">Kein Parf\u00fcm\n(unparf\u00fcmiert)<\/span><\/li>\n<li style=\"font-weight: 400;\"><span style=\"font-weight: 400;\">Frei von Silikonen<\/span><\/li>\n<li style=\"font-weight: 400;\"><span style=\"font-weight: 400;\">100% biologisch<\/span><\/li>\n<\/ul>\n<p><span style=\"font-weight: 400;\">Anwendung:<\/span><\/p>\n<p><span style=\"font-weight: 400;\">Verwenden Sie vorsichtig Ihren Finger oder einen Teel\u00f6ffel, um von Ihrer Sheabutter zu sch\u00f6pfen, und reiben Sie sie dann auf Ihre Haut, bis sie vollst\u00e4ndig eingezogen ist. Unser intensives Hautpflegeprodukt kann auch f\u00fcr Massagen verwendet werden. Die nachf\u00fcllbare Verpackung wurde speziell hergestellt, um Ihr gebrauchtes Bambusglas wieder aufzuf\u00fcllen oder mit Ihrem bevorzugten \u00d6l zu mischen.<\/span><\/p>\n<p><span style=\"font-weight: 400;\">Achtung!\u00a0<\/span><\/p>\n<p><span style=\"font-weight: 400;\">Diese rohe, unraffinierte Butter wurde nicht gefiltert und kann daher Tr\u00fcmmerteile der Shea-N\u00fcsse enthalten. Sollten Sie Au\u00dferdem Nussallergien haben, wenden Sie sich am besten an Ihren Dermatologen oder einen Allergologen, um weitere Hinweise zu erhalten. Es sind jedoch keine Reaktionen bekannt. Es ist sehr selten, eine Allergie zu bekommen, so dass das Risiko sehr gering ist, aber trotzdem sollten Sie es vermeiden und vor der Anwendung \u00fcberpr\u00fcfen.<\/span><\/p>\n<p><span style=\"font-weight: 400;\">Lagerung:<\/span><\/p>\n<p><span style=\"font-weight: 400;\">Sheabutter sollte etwas unter Raumtemperatur gelagert werden, damit sie festbleibt und sich gut verteilen l\u00e4sst. Sie schmilzt \u00fcber 22\u00b0C.\u00a0\u00a0<\/span><\/p>","protected":false},"excerpt":{"rendered":"<p><span style=\"font-weight: 400;\">Dieses handwerkliche Produkt ist die 100% rohe, nicht raffinierte Butter, die sowohl f\u00fcr Haare als auch f\u00fcr die Haut verwendet werden kann. Es hat eine elfenbeinfarbene Farbe und riecht nach Schokolade, N\u00fcssen und Butter. Diese luxuri\u00f6se Butter ist voller Vitamine und Mineralien. Ihre Haut sieht erfrischt und ges\u00fcnder aus und verhindert das Austrocknen. Langfristig macht es Ihre Haut weich und st\u00e4rkt sie, um noch sch\u00f6ner auszusehen.\u00a0<\/span><\/p>","protected":false},"featured_media":1025,"comment_status":"open","ping_status":"closed","template":"","meta":[],"product_brand":[],"product_cat":[57,58],"product_tag":[],"class_list":{"0":"post-1024","1":"product","2":"type-product","3":"status-publish","4":"has-post-thumbnail","6":"product_cat-body","7":"product_cat-face","8":"product_shipping_class-dhl","9":"wpisset-post","10":"wpisset-post-featured","11":"wpisset-woo-has-gallery","13":"first","14":"instock","15":"taxable","16":"shipping-taxable","17":"purchasable","18":"product-type-simple"},"jetpack_sharing_enabled":true,"_links":{"self":[{"href":"https:\/\/joavina.com\/de\/wp-json\/wp\/v2\/product\/1024","targetHints":{"allow":["GET"]}}],"collection":[{"href":"https:\/\/joavina.com\/de\/wp-json\/wp\/v2\/product"}],"about":[{"href":"https:\/\/joavina.com\/de\/wp-json\/wp\/v2\/types\/product"}],"replies":[{"embeddable":true,"href":"https:\/\/joavina.com\/de\/wp-json\/wp\/v2\/comments?post=1024"}],"wp:featuredmedia":[{"embeddable":true,"href":"https:\/\/joavina.com\/de\/wp-json\/wp\/v2\/media\/1025"}],"wp:attachment":[{"href":"https:\/\/joavina.com\/de\/wp-json\/wp\/v2\/media?parent=1024"}],"wp:term":[{"taxonomy":"product_brand","embeddable":true,"href":"https:\/\/joavina.com\/de\/wp-json\/wp\/v2\/product_brand?post=1024"},{"taxonomy":"product_cat","embeddable":true,"href":"https:\/\/joavina.com\/de\/wp-json\/wp\/v2\/product_cat?post=1024"},{"taxonomy":"product_tag","embeddable":true,"href":"https:\/\/joavina.com\/de\/wp-json\/wp\/v2\/product_tag?post=1024"}],"curies":[{"name":"wp","href":"https:\/\/api.w.org\/{rel}","templated":true}]}}