{"id":675,"date":"2019-01-30T15:35:50","date_gmt":"2019-01-30T15:35:50","guid":{"rendered":"http:\/\/localhost:8888\/skyla\/?page_id=9"},"modified":"2025-03-01T09:31:49","modified_gmt":"2025-03-01T09:31:49","slug":"about-us","status":"publish","type":"page","link":"https:\/\/joavina.com\/de\/about-us\/","title":{"rendered":"About Us"},"content":{"rendered":"<div data-vc-full-width=\"true\" data-vc-full-width-init=\"false\" class=\"vc_row wpb_row vc_row-fluid vc_custom_1631356041774 vc_row-has-fill\"><div class=\"wpb_column vc_column_container vc_col-sm-3 vc_col-lg-4\"><div class=\"vc_column-inner\"><div class=\"wpb_wrapper\"><\/div><\/div><\/div><div class=\"wpb_column vc_column_container vc_col-sm-3 vc_col-lg-4\"><div class=\"vc_column-inner\"><div class=\"wpb_wrapper\"><\/div><\/div><\/div><div class=\"wpb_column vc_column_container vc_col-sm-6 vc_col-lg-4\"><div class=\"vc_column-inner vc_custom_1600373805123\"><div class=\"wpb_wrapper\"><\/div><\/div><\/div><\/div><div class=\"vc_row-full-width vc_clearfix\"><\/div><div class=\"vc_row wpb_row vc_row-fluid vc_column-gap-35\"><div class=\"wpb_column vc_column_container vc_col-sm-1 vc_hidden-md vc_hidden-sm vc_hidden-xs\"><div class=\"vc_column-inner\"><div class=\"wpb_wrapper\"><\/div><\/div><\/div><div class=\"wpb_column vc_column_container vc_col-sm-6 vc_col-lg-5\"><div class=\"vc_column-inner\"><div class=\"wpb_wrapper\">\n\t<div class=\"wpb_text_column wpb_content_element  p-has-drop-cap\" >\n\t\t<div class=\"wpb_wrapper\">\n\t\t\t<p><span style=\"font-weight: 400;\">Professor Sewodo und Frau Jeannette Komlanvi, die Mitbegr\u00fcnder, haben Joavina nach ihrer Tochter benannt, was in dem Ewe-Dialekt aus dem Satz \" Joanna-vi-yena\" (wegen Joanna) abgeleitet wurde. Professor Sewodo K. Komlanvi ist Togolese und wuchs in New York, USA, auf. Nach seinem Studium lehrt er seit fast 20 Jahren in den USA und Deutschland an Unis und Hochschulen. <\/span><\/p>\n<p><span style=\"font-weight: 400;\">Als begeisterter Unternehmer hat Sewodo in der Vergangenheit kleine Unternehmen gegr\u00fcndet und ist als Unternehmensberater t\u00e4tig. Frau Jeannette Komlanvi hingegen wurde in Togo geboren, wuchs in Ghana auf und zog in jungen Jahren nach Deutschland. Nach ihrem Studium in Gro\u00dfbritannien zog sie zur\u00fcck nach Deutschland, wo sie als Buchhalterin und Wirtschaftspr\u00fcferin f\u00fcr verschiedene Unternehmen arbeitete. Jeannette ist eine Serienunternehmerin f\u00fcr Kleinunternehmen.<\/span><\/p>\n<p><span style=\"font-weight: 400;\">\u201eWir starteten dieses kleine Unternehmen und schufen die Bio-Marke Joavina aus der Notwendigkeit heraus, Sheabutter und andere Bio-Produkte bei unseren Kunden in Deutschland, Europa und anderen Orten der Welt einzuf\u00fchren. <\/span><\/p>\n\n\t\t<\/div>\n\t<\/div>\n<\/div><\/div><\/div><div class=\"wpb_column vc_column_container vc_col-sm-6 vc_col-lg-5\"><div class=\"vc_column-inner\"><div class=\"wpb_wrapper\">\n\t<div class=\"wpb_text_column wpb_content_element\" >\n\t\t<div class=\"wpb_wrapper\">\n\t\t\t<p><span style=\"font-weight: 400;\">Wir kennen Sheabutter seit unserer Kindheit in Afrika, sahen aber nicht die Notwendigkeit, sie ausschlie\u00dflich zu verwenden, bis die Haut unserer Tochter gereizt wurde. <\/span><\/p>\n<p><span style=\"font-weight: 400;\">Als Baby hatte sie am ganzen K\u00f6rper Ausschlag und wir suchten wirklich h\u00e4nderingend nach der perfekten Lotion, um die Situation unter Kontrolle zu halten. Ihre Haut begann sich zu sch\u00e4len und wurde immer trockener. <\/span><\/p>\n<p><span style=\"font-weight: 400;\">Daraufhin riet uns eine \u00e4ltere Frau aus Ghana, es auf traditionelle Weise mit Shea-Butter und anderen nat\u00fcrlichen Bio-Produkten zu versuchen, um den Hautausschlag zu bew\u00e4ltigen.\u00a0 <\/span><\/p>\n<p><span style=\"font-weight: 400;\">Seitdem haben wir festgestellt, dass wir leider mit anderen synthetischen Produkten, die in der Kosmetikwelt erh\u00e4ltlich sind, aufgewachsen sind und die Art und Weise, wie unsere Haut von Mutter Natur gepflegt wird, vergessen haben. Deshalb ist es unser Ziel, verschiedene Kunden mit den besten afrikanischen Bio-Produkten zu erreichen, um der Gesellschaft zu helfen, die geheimen Wege des Pflegens und Heilens kennenzulernen.<\/span><\/p>\n\n\t\t<\/div>\n\t<\/div>\n<\/div><\/div><\/div><div class=\"wpb_column vc_column_container vc_col-sm-1 vc_hidden-md vc_hidden-sm vc_hidden-xs\"><div class=\"vc_column-inner\"><div class=\"wpb_wrapper\"><\/div><\/div><\/div><\/div><div class=\"vc_row wpb_row vc_row-fluid vc_column-gap-35\"><div class=\"wpb_column vc_column_container vc_col-sm-1 vc_hidden-md vc_hidden-sm vc_hidden-xs\"><div class=\"vc_column-inner\"><div class=\"wpb_wrapper\"><\/div><\/div><\/div><div class=\"wpb_column vc_column_container vc_col-sm-6 vc_col-lg-5\"><div class=\"vc_column-inner\"><div class=\"wpb_wrapper\">\n\t<div class=\"wpb_text_column wpb_content_element  p-has-drop-cap\" >\n\t\t<div class=\"wpb_wrapper\">\n\t\t\t<p><span style=\"font-weight: 400;\">Unsere Mission mit Joavina ist es, die globale Kosmetikindustrie mit afrikanischen Bio-Produkten in besonderem Ma\u00dfe zu revolutionieren. Unser Fokus mit dieser Marke w\u00e4re es, hochwertige Bio-Waren sowie Haut- und Haarpflegeprodukte f\u00fcr unsere Kunden mit unterschiedlichen Hauttypen und Teint zu repr\u00e4sentieren und zu erreichen.\u00a0<\/span><\/p>\n<p><span style=\"font-weight: 400;\">Unsere Produkte sind zu 100% aus nat\u00fcrlichen Inhaltsstoffen, rein organisch und handgemacht. Durch eine Vielzahl von verschiedenen \u00d6len und Geschmacksrichtungen wollen wir unseren Kunden die M\u00f6glichkeit geben, das perfekte Pflegeprodukt f\u00fcr ihren Hauttyp und Teint zu finden. <\/span><\/p>\n<p><span style=\"font-weight: 400;\">Bei Joavina Organics verkaufen wir nicht nur eine Marke, sondern jahrzehntelange Erfahrungen in der Verwendung von Sheabutter und anderen afrikanischen Bio-Produkten. <\/span><\/p>\n\n\t\t<\/div>\n\t<\/div>\n<\/div><\/div><\/div><div class=\"wpb_column vc_column_container vc_col-sm-6 vc_col-lg-5\"><div class=\"vc_column-inner\"><div class=\"wpb_wrapper\">\n\t<div class=\"wpb_text_column wpb_content_element\" >\n\t\t<div class=\"wpb_wrapper\">\n\t\t\t<p><span style=\"font-weight: 400;\">Durch die Produktion und das Angebot von umweltfreundlichen Artikeln, wie z.B. unsere Bambusverpackungen und die pflanzlichen Waren, engagieren wir uns f\u00fcr die Verbesserung des \u00d6kosystems in Deutschland, Europa, USA und der Welt. Durch unsere Women Empowerment Association teilen wir ein gemeinsames Interesse mit den tapferen Frauen und ihren Kindern aus dem n\u00f6rdlichen Togo und Burkina Faso, die unerm\u00fcdlich arbeiten, um die besten Shea-N\u00fcsse zu ernten und die Butter in Handarbeit herzustellen.  Wir setzen uns daf\u00fcr ein, ihnen zu helfen und sie aus der Armut zu befreien.\u00a0<\/span><\/p>\n<p><span style=\"font-weight: 400;\">Um diese Mission, die Nachfrage und die Erwartungen unserer Kunden zu erf\u00fcllen, werden eine au\u00dfergew\u00f6hnliche Forschung &amp; Entwicklung, Handel sowie kreative Marketingprogramme eingesetzt. Gleichwohl wird ein umfassendes Vertriebsnetz \u00fcber unsere Online-Shopping-Website unser Projekt unterst\u00fctzen, um seine Ziele zu erreichen.<\/span><\/p>\n\n\t\t<\/div>\n\t<\/div>\n<\/div><\/div><\/div><div class=\"wpb_column vc_column_container vc_col-sm-1 vc_hidden-md vc_hidden-sm vc_hidden-xs\"><div class=\"vc_column-inner\"><div class=\"wpb_wrapper\"><\/div><\/div><\/div><\/div><div class=\"vc_row wpb_row vc_row-fluid wpb_row_background-center-top vc_custom_1550570204648 vc_row-has-fill\"><div class=\"wpb_column vc_column_container vc_col-sm-2\"><div class=\"vc_column-inner\"><div class=\"wpb_wrapper\"><\/div><\/div><\/div><div class=\"wpb_column vc_column_container vc_col-sm-8\"><div class=\"vc_column-inner\"><div class=\"wpb_wrapper\"><h3 style=\"font-size: 36px;text-align: center\" class=\"vc_custom_heading\" ><i>\u201eShea Butter hat alles, was Sie f\u00fcr Ihren K\u00f6rper brauchen. Sie ist reich an den Vitaminen A, E und F und hat gro\u00dfartige antioxidative und lindernde Eigenschaften.\u201c<\/i><\/h3><p style=\"font-size: 18px;color: #6da84a;text-align: center\" class=\"vc_custom_heading vc_custom_1607343354898\" ><i>Joavina Organics, Mitbegr\u00fcnder<\/i><\/p><\/div><\/div><\/div><div class=\"wpb_column vc_column_container vc_col-sm-2\"><div class=\"vc_column-inner\"><div class=\"wpb_wrapper\"><\/div><\/div><\/div><\/div><div class=\"vc_row wpb_row vc_row-fluid vc_custom_1550674609691 vc_column-gap-35\"><div class=\"wpb_column vc_column_container vc_col-sm-12 vc_col-lg-4 vc_col-md-4\"><div class=\"vc_column-inner\"><div class=\"wpb_wrapper\"><div class=\"vc_empty_space\"\n\t  style=\"height: 60px\"><span class=\"vc_empty_space_inner\"><\/span><\/div>\n<a href=\"#\" class=\"skyla-es-banner6 skyla-es-banner6-245344537\" title=\"\"><div class=\"skyla-es-banner6-wrapper\"><img data-recalc-dims=\"1\" decoding=\"async\" alt=\"Vegan &amp; Cruelty-Free\" src=\"https:\/\/i0.wp.com\/joavina.com\/wp-content\/uploads\/2025\/03\/IMG-20250301-WA0018.jpg?w=760&#038;ssl=1\"><div class=\"skyla-es-banner6-content\"><h3 class=\"skyla-es-banner6-content-text-1\">Vegan und tierversuchsfrei<\/h3><span class=\"skyla-es-banner6-content-text-2\">Nachhaltige Gemeinschaften, St\u00e4rkung der gesellschaftlichen Infrastruktur, Innovationsfreudige Jugend, Globale soziale Mobilisierung<\/span><\/div><\/div><\/a><style scoped>.skyla-es-banner6-245344537 .skyla-es-banner6-content{background-color:rgba(255,255,255,0.8);}<\/style><\/div><\/div><\/div><div class=\"wpb_column vc_column_container vc_col-sm-12 vc_col-lg-4 vc_col-md-4\"><div class=\"vc_column-inner\"><div class=\"wpb_wrapper\"><a href=\"#\" class=\"skyla-es-banner7 skyla-es-banner7-399074398\" title=\"\"><div class=\"skyla-es-banner7-wrapper\"><img data-recalc-dims=\"1\" decoding=\"async\" alt=\"Fondation Formula\u2122\" src=\"https:\/\/i0.wp.com\/joavina.com\/wp-content\/uploads\/2020\/08\/fonda.png?w=760&#038;ssl=1\"><div class=\"skyla-es-banner7-content\"><h3 class=\"skyla-es-banner7-content-text-1\">Rezeptur der Foundation \u2122<\/h3><span class=\"skyla-es-banner7-content-text-2\">Eine gemeinsame Analyseeinheit also, eine sozialunternehmerische Idee, eine transparente Partnerschaft, eine dynamische kollektive Wirkung.<\/span><\/div><\/div><\/a><style scoped>.skyla-es-banner7-399074398 .skyla-es-banner7-content{background-color:rgba(255,255,255,0.8);}<\/style><\/div><\/div><\/div><div class=\"wpb_column vc_column_container vc_col-sm-12 vc_col-lg-4 vc_col-md-4\"><div class=\"vc_column-inner\"><div class=\"wpb_wrapper\"><div class=\"vc_empty_space\"\n\t  style=\"height: 60px\"><span class=\"vc_empty_space_inner\"><\/span><\/div>\n<a href=\"#\" class=\"skyla-es-banner6 skyla-es-banner6-1548160112\" title=\"\"><div class=\"skyla-es-banner6-wrapper\"><img data-recalc-dims=\"1\" decoding=\"async\" alt=\"The Co-Founders&#039; Story\" src=\"https:\/\/i0.wp.com\/joavina.com\/wp-content\/uploads\/2020\/11\/ess.png?w=760&#038;ssl=1\"><div class=\"skyla-es-banner6-content\"><h3 class=\"skyla-es-banner6-content-text-1\">Die Geschichte der Mitbegr\u00fcnder<\/h3><span class=\"skyla-es-banner6-content-text-2\">St\u00e4rkung nachhaltiger Gemeinschaften.<\/span><\/div><\/div><\/a><style scoped>.skyla-es-banner6-1548160112 .skyla-es-banner6-content{background-color:rgba(255,255,255,0.8);}<\/style><\/div><\/div><\/div><\/div>","protected":false},"excerpt":{"rendered":"Professor Sewodo and Mrs. Jeannette Komlanvi, Co-founders, have named Joavina after their daughter, which means in our Ewe dialect Joanna-vi-ena (because of Joanna). Professor Sewodo K. Komlanvi is Togolese, and grew up in New York, USA. After his studies, he has been teaching at the University level for nearly 20 years in the USA and [...]","protected":false},"author":1,"featured_media":1367,"parent":0,"menu_order":29,"comment_status":"closed","ping_status":"closed","template":"","meta":{"footnotes":""},"class_list":["post-675","page","type-page","status-publish","has-post-thumbnail","hentry","wpisset-post","wpisset-post-featured"],"jetpack_sharing_enabled":true,"_links":{"self":[{"href":"https:\/\/joavina.com\/de\/wp-json\/wp\/v2\/pages\/675","targetHints":{"allow":["GET"]}}],"collection":[{"href":"https:\/\/joavina.com\/de\/wp-json\/wp\/v2\/pages"}],"about":[{"href":"https:\/\/joavina.com\/de\/wp-json\/wp\/v2\/types\/page"}],"author":[{"embeddable":true,"href":"https:\/\/joavina.com\/de\/wp-json\/wp\/v2\/users\/1"}],"replies":[{"embeddable":true,"href":"https:\/\/joavina.com\/de\/wp-json\/wp\/v2\/comments?post=675"}],"version-history":[{"count":27,"href":"https:\/\/joavina.com\/de\/wp-json\/wp\/v2\/pages\/675\/revisions"}],"predecessor-version":[{"id":2043,"href":"https:\/\/joavina.com\/de\/wp-json\/wp\/v2\/pages\/675\/revisions\/2043"}],"wp:featuredmedia":[{"embeddable":true,"href":"https:\/\/joavina.com\/de\/wp-json\/wp\/v2\/media\/1367"}],"wp:attachment":[{"href":"https:\/\/joavina.com\/de\/wp-json\/wp\/v2\/media?parent=675"}],"curies":[{"name":"wp","href":"https:\/\/api.w.org\/{rel}","templated":true}]}}