{"id":1068,"date":"2020-12-04T17:04:26","date_gmt":"2020-12-04T17:04:26","guid":{"rendered":"https:\/\/joavina.com\/?page_id=1068"},"modified":"2020-12-07T18:33:08","modified_gmt":"2020-12-07T18:33:08","slug":"imprint","status":"publish","type":"page","link":"https:\/\/joavina.com\/de\/imprint\/","title":{"rendered":"Imprint"},"content":{"rendered":"<p><b>das Impressum<\/b><\/p>\n<p><span style=\"font-weight: 400;\">Angaben nach \u00a7 5 TMG<\/span><\/p>\n<p><b>Joavina UG<\/b><\/p>\n<p><span style=\"font-weight: 400;\">Volkmannstrasse 6<\/span><\/p>\n<p><span style=\"font-weight: 400;\">22083 Hamburg<\/span><\/p>\n<p><span style=\"font-weight: 400;\">Deutschland<\/span><\/p>\n<p><b>Gesch\u00e4ftsf\u00fchrer:<\/b><span style=\"font-weight: 400;\"> Jeannette Komlanvi, Koudzo Sewodo Komlanvi<\/span><\/p>\n<p><b>Registereintrag:\u00a0<\/b><\/p>\n<p><span style=\"font-weight: 400;\">Amtsgericht Hamburg\u00a0<\/span><\/p>\n<p><span style=\"font-weight: 400;\">(Caffamacherreihe)<\/span><\/p>\n<p><span style=\"font-weight: 400;\">Registernummer: HRB 165543<\/span><\/p>\n<p><b>Kontakt:<\/b><\/p>\n<p><span style=\"font-weight: 400;\">Telefon: +49 (0)17664733424\u00a0 (Sie\u00a0 erreichen uns Mo.-Di.-Do. 10-17 Uhr &amp; Mi.-Fr 10-15Uhr)\u00a0<\/span><\/p>\n<p><span style=\"font-weight: 400;\">E-Mail: <\/span><a href=\"mailto:onlineshopping@joavina.com\"><span style=\"font-weight: 400;\">onlineshopping@joavina.com<\/span><\/a><\/p>\n<p><span style=\"font-weight: 400;\">Web: www.joavina.com<\/span><\/p>\n<p><b>Inhaltlich verantwortlich gem\u00e4\u00df \u00a755 RStV:<\/b><\/p>\n<p><span style=\"font-weight: 400;\">Jeannette Komlanvi<\/span><\/p>\n<p><span style=\"font-weight: 400;\">Volkmannstrasse 6<\/span><\/p>\n<p><span style=\"font-weight: 400;\">22083 Hamburg<\/span><\/p>\n<p><span style=\"font-weight: 400;\">Deutschland<\/span><\/p>\n<p><b>Online-Streitbeilegung:<\/b><\/p>\n<p><span style=\"font-weight: 400;\">Die Europ\u00e4ische Kommission stellt unter <\/span><a href=\"https:\/\/ec.europa.eu\/consumers\/odr\"><b>https:\/\/ec.europa.eu\/consumers\/odr<\/b><\/a><span style=\"font-weight: 400;\"> eine Plattform zur Online-Streitbeilegung bereit, die Verbraucher f\u00fcr die Beilegung einer Streitigkeit nutzen k\u00f6nnen und auf der weitere Informationen zum Thema Streitschlichtung zu finden sind.<\/span><\/p>\n<p><b>Au\u00dfergerichtliche Streitbeilegung:<\/b><\/p>\n<p><span style=\"font-weight: 400;\">Wir sind weder verpflichtet noch dazu bereit, im Falle einer Streitigkeit mit einem Verbraucher an einem Streitbeilegungsverfahren vor einer Verbraucherschlichtungsstelle teilzunehmen.<\/span><\/p>\n<p><b>Haftung f\u00fcr Inhalte<\/b><\/p>\n<p><span style=\"font-weight: 400;\">Als Diensteanbieter sind wir gem\u00e4\u00df \u00a7 7 Abs. 1 TMG f\u00fcr eigene Inhalte auf diesen Internetseiten nach den allgemeinen Gesetzen verantwortlich. Nach \u00a7\u00a7 8 bis 10 TMG sind wir als Diensteanbieter jedoch nicht verpflichtet, \u00fcbermittelte oder gespeicherte fremde Informationen zu \u00fcberwachen oder nach Umst\u00e4nden zu forschen, die auf eine rechtswidrige T\u00e4tigkeit hinweisen. Verpflichtungen zur Entfernung oder Sperrung der Nutzung von Informationen nach den allgemeinen Gesetzen bleiben hiervon unber\u00fchrt. Eine diesbez\u00fcgliche Haftung ist jedoch erst ab dem Zeitpunkt der Kenntnis einer konkreten Rechtsverletzung m\u00f6glich. Bei Bekanntwerden von entsprechenden Rechtsverletzungen werden wir diese Inhalte umgehend entfernen.<\/span><\/p>\n<p><b>Haftung f\u00fcr Links<\/b><\/p>\n<p><span style=\"font-weight: 400;\">Diese Internetseiten enthalten Links zu externen Internetseiten Dritter, auf deren Inhalte wir keinen Einfluss nehmen k\u00f6nnen. Deshalb k\u00f6nnen wir f\u00fcr diese fremden Inhalte auch keine Gew\u00e4hr \u00fcbernehmen. F\u00fcr die Inhalte der verlinkten Internetseiten ist stets der jeweilige Anbieter oder Betreiber der Seiten verantwortlich. Die verlinkten Internetseiten haben wir\u00a0 zum Zeitpunkt der Verlinkung auf m\u00f6gliche Rechtsverst\u00f6\u00dfe \u00fcberpr\u00fcft. Rechtswidrige Inhalte waren zum Zeitpunkt der Verlinkung nicht erkennbar. Eine permanente inhaltliche Kontrolle der verlinkten Internetseiten ist jedoch ohne konkrete Anhaltspunkte einer Rechtsverletzung nicht zumutbar. Bei Bekanntwerden von Rechtsverletzungen werden wir derartige Links umgehend von dieser Internetseite auf die rechtsverletzende Internetseite entfernen.<\/span><\/p>\n<p><b>Urheberrecht<\/b><\/p>\n<p><span style=\"font-weight: 400;\">Die durch die Diensteanbieter, deren Mitarbeiter und beauftragte Dritte erstellten Inhalte und Werke auf diesen Seiten unterliegen dem deutschen Urheberrecht. Die Vervielf\u00e4ltigung, Bearbeitung, Verbreitung und jede Art der Verwertung au\u00dferhalb der Grenzen des Urheberrechts bed\u00fcrfen der vorherigen schriftlichen Zustimmung des jeweiligen Autors bzw. Erstellers. Downloads und Kopien dieser Internetseiten sind nur f\u00fcr den privaten, nicht kommerziellen Gebrauch gestattet. Soweit die Inhalte auf diesen Internetseiten nicht von uns Betreiber erstellt wurden, werden wir die Urheberrechte Dritter beachten. Insbesondere werden wir Inhalte Dritter als solche kennzeichnen. Sollten Sie trotzdem auf eine Urheberrechtsverletzung aufmerksam werden, bitten wir um einen entsprechenden Hinweis. Bei Bekanntwerden von Rechtsverletzungen werden derartige Inhalte umgehend entfernen.<\/span><\/p>","protected":false},"excerpt":{"rendered":"<p>Impressum Angaben nach \u00a7 5 TMG Joavina UG Volkmannstrasse 6 22083 Hamburg Deutschland Gesch\u00e4ftsf\u00fchrer: Jeannette Komlanvi, Koudzo Sewodo Komlanvi Registereintrag:\u00a0 Amtsgericht Hamburg\u00a0 (Caffamacherreihe) Registernummer: HRB 165543 Kontakt: Telefon: +49 (0)17664733424\u00a0 (Sie\u00a0 erreichen uns Mo.-Di.-Do. 10-17 Uhr &amp; Mi.-Fr 10-15Uhr)\u00a0 E-Mail: onlineshopping@joavina.com Web: www.joavina.com Inhaltlich verantwortlich gem\u00e4\u00df \u00a755 RStV: Jeannette Komlanvi Volkmannstrasse 6 22083 Hamburg Deutschland [&hellip;]<\/p>","protected":false},"author":1,"featured_media":0,"parent":0,"menu_order":1,"comment_status":"closed","ping_status":"closed","template":"","meta":{"footnotes":""},"class_list":["post-1068","page","type-page","status-publish","hentry","wpisset-post"],"jetpack_sharing_enabled":true,"_links":{"self":[{"href":"https:\/\/joavina.com\/de\/wp-json\/wp\/v2\/pages\/1068","targetHints":{"allow":["GET"]}}],"collection":[{"href":"https:\/\/joavina.com\/de\/wp-json\/wp\/v2\/pages"}],"about":[{"href":"https:\/\/joavina.com\/de\/wp-json\/wp\/v2\/types\/page"}],"author":[{"embeddable":true,"href":"https:\/\/joavina.com\/de\/wp-json\/wp\/v2\/users\/1"}],"replies":[{"embeddable":true,"href":"https:\/\/joavina.com\/de\/wp-json\/wp\/v2\/comments?post=1068"}],"version-history":[{"count":4,"href":"https:\/\/joavina.com\/de\/wp-json\/wp\/v2\/pages\/1068\/revisions"}],"predecessor-version":[{"id":1083,"href":"https:\/\/joavina.com\/de\/wp-json\/wp\/v2\/pages\/1068\/revisions\/1083"}],"wp:attachment":[{"href":"https:\/\/joavina.com\/de\/wp-json\/wp\/v2\/media?parent=1068"}],"curies":[{"name":"wp","href":"https:\/\/api.w.org\/{rel}","templated":true}]}}